{"id":185,"date":"2016-09-23T20:23:21","date_gmt":"2016-09-23T17:23:21","guid":{"rendered":"http:\/\/localhost\/enguru\/?page_id=185"},"modified":"2016-09-23T20:23:21","modified_gmt":"2016-09-23T17:23:21","slug":"duyurular","status":"publish","type":"page","link":"https:\/\/enguru.org.tr\/index.php\/duyurular\/","title":{"rendered":"Duyurular"},"content":{"rendered":"<p style=\"text-align: center;\"><strong>ENG\u00dcR\u00dc T\u00dcRK M\u00dcZ\u0130\u011e\u0130 DERNE\u011e\u0130<\/strong><br \/>\n<strong>9. OLA\u011eAN GENEL KURUL \u0130LANI<\/strong><\/p>\n<p style=\"text-align: center;\">Derne\u011fimizin 9. Ola\u011fan Genel Kurulu, Libya Caddesi 34\/2 Ahmetler\/ANKARA (Kayseri \u0130li Yard\u0131m Derne\u011fi) adresinde, 8 May\u0131s 2022 Pazar\u00a0\u00a0g\u00fcn\u00fc, saat 14.00\u2019te; \u00e7o\u011funluk sa\u011flanamad\u0131\u011f\u0131 takdirde, 22\u00a0May\u0131s 2022 Pazar g\u00fcn\u00fc, ayn\u0131 yer ve saatte, a\u015fa\u011f\u0131daki g\u00fcndemle toplanacakt\u0131r.<br \/>\nT\u00fcm \u00fcyelerimize sayg\u0131yla duyurulur.<\/p>\n<p style=\"text-align: center;\">Y\u00f6netim Kurulu<\/p>\n<p style=\"text-align: center;\"><a href=\"https:\/\/enguru.org.tr\/wp-content\/uploads\/2022\/05\/Enguru_9GenelKurul.pdf\">Genel Kurul G\u00fcndem<\/a><\/p>\n<hr \/>\n<p>Haber ar\u015fivine eri\u015fmek i\u00e7in <a href=\"https:\/\/enguru.org.tr\/?page_id=687\">t\u0131klay\u0131n\u0131z<\/a>.<\/p>\n","protected":false},"excerpt":{"rendered":"<p>ENG\u00dcR\u00dc T\u00dcRK M\u00dcZ\u0130\u011e\u0130 DERNE\u011e\u0130 9. OLA\u011eAN GENEL KURUL \u0130LANI Derne\u011fimizin 9. Ola\u011fan Genel Kurulu, Libya Caddesi 34\/2 Ahmetler\/ANKARA (Kayseri \u0130li Yard\u0131m Derne\u011fi) adresinde, 8 May\u0131s 2022 Pazar\u00a0\u00a0g\u00fcn\u00fc, saat 14.00\u2019te; \u00e7o\u011funluk sa\u011flanamad\u0131\u011f\u0131 takdirde, 22\u00a0May\u0131s 2022 Pazar g\u00fcn\u00fc, ayn\u0131 yer ve saatte, a\u015fa\u011f\u0131daki g\u00fcndemle toplanacakt\u0131r. T\u00fcm \u00fcyelerimize sayg\u0131yla duyurulur. Y\u00f6netim Kurulu Genel Kurul G\u00fcndem Haber ar\u015fivine eri\u015fmek [&hellip;]<\/p>\n","protected":false},"author":2,"featured_media":0,"parent":0,"menu_order":0,"comment_status":"closed","ping_status":"closed","template":"","meta":{"footnotes":""},"class_list":["post-185","page","type-page","status-publish","hentry"],"_links":{"self":[{"href":"https:\/\/enguru.org.tr\/index.php\/wp-json\/wp\/v2\/pages\/185","targetHints":{"allow":["GET"]}}],"collection":[{"href":"https:\/\/enguru.org.tr\/index.php\/wp-json\/wp\/v2\/pages"}],"about":[{"href":"https:\/\/enguru.org.tr\/index.php\/wp-json\/wp\/v2\/types\/page"}],"author":[{"embeddable":true,"href":"https:\/\/enguru.org.tr\/index.php\/wp-json\/wp\/v2\/users\/2"}],"replies":[{"embeddable":true,"href":"https:\/\/enguru.org.tr\/index.php\/wp-json\/wp\/v2\/comments?post=185"}],"version-history":[{"count":0,"href":"https:\/\/enguru.org.tr\/index.php\/wp-json\/wp\/v2\/pages\/185\/revisions"}],"wp:attachment":[{"href":"https:\/\/enguru.org.tr\/index.php\/wp-json\/wp\/v2\/media?parent=185"}],"curies":[{"name":"wp","href":"https:\/\/api.w.org\/{rel}","templated":true}]}}