{"id":39,"date":"2016-09-20T21:47:16","date_gmt":"2016-09-20T18:47:16","guid":{"rendered":"http:\/\/localhost\/enguru\/?page_id=39"},"modified":"2024-09-18T11:12:58","modified_gmt":"2024-09-18T08:12:58","slug":"enguru-halk-turkuleri-toplulugu","status":"publish","type":"page","link":"https:\/\/enguru.org.tr\/index.php\/topluluklar\/enguru-halk-turkuleri-toplulugu\/","title":{"rendered":"Yurdun Sesi Halk T\u00fcrk\u00fcleri Toplulu\u011fu"},"content":{"rendered":"\n<p>Derne\u011fin \u201c10. Y\u0131l Etkinlikleri\u201d \u00e7er\u00e7evesinde 2009 y\u0131l\u0131 sonbahar\u0131nda kurulmu\u015f hocal\u0131\u011f\u0131na ve \u015fefli\u011fine TRT Ankara Radyosu T\u00fcrk Halk M\u00fczi\u011fi ses ve saz sanat\u00e7\u0131s\u0131 Mehmet \u00dc\u00c7ER getirilmi\u015ftir. 19 Haziran 2010 tarihinde Ankara\u2019da \u201cAnadolu Semahlar\u0131 \u00d6zel Konseri\u201d yle ilk kez sahne alm\u0131\u015ft\u0131r. Toplulu\u011fun \u00fcye say\u0131s\u0131nda d\u00f6nem d\u00f6nem de\u011fi\u015fiklikler olmakla birlikte, bu say\u0131 yetmi\u015fin alt\u0131na pek d\u00fc\u015fmemektedir.<\/p>\n\n\n\n<p>Herhangi bir nedenle topluluktan ayr\u0131lan \u00fcyelerin yerine, d\u00f6nem ba\u015flar\u0131nda, topluluk \u015fefi taraf\u0131ndan yap\u0131lan ses ve kulak yeterlilik s\u0131nav\u0131 ile yeni \u00fcyeler al\u0131nmaktad\u0131r.<\/p>\n\n\n\n<p>Cumartesi g\u00fcnleri Internet sayfam\u0131z ve sosyal medya hesaplar\u0131m\u0131z arac\u0131l\u0131\u011f\u0131yla duyurulan yer ve saatlerde topluluk \u00fcyelerine solfej, nazariyat, \u015fan ve repertuar dersleri verilmekte ve konserlere haz\u0131rlan\u0131lmaktad\u0131r. Gerekti\u011finde, \u00f6nceden duyurulan g\u00fcn, saat ve mekanlarda ilave \u00e7al\u0131\u015fmalar da yap\u0131labilmektedir. Bu \u00e7al\u0131\u015fmalarda derslere devam ve \u00e7al\u0131\u015fma kurallar\u0131na uyma mecburiyeti vard\u0131r. Repertuvar derslerinde eserleri notalar\u0131 ile ge\u00e7mek esast\u0131r.<\/p>\n\n\n\n<p>Bu toplulu\u011fumuzun faaliyetleri sonraki d\u00f6nemlerde tekrar a\u00e7\u0131lmak \u00fczere durdurulmu\u015ftur.<\/p>\n\n\n\n<p><\/p>\n\n\n\n<p><\/p>\n\n\n\n<p><\/p>\n\n\n\n<h2 class=\"wp-block-heading\"><strong>HOCALARIMIZ<\/strong><\/h2>\n\n\n\n<ul class=\"wp-block-list\">\n<li><strong>Mehmet \u00dc\u00c7ER<\/strong><\/li>\n<\/ul>\n\n\n\n<figure class=\"wp-block-image alignleft\"><img decoding=\"async\" src=\"https:\/\/enguru.org.tr\/wp-content\/uploads\/2016\/11\/ENGURU_Mehmet_Ucer-226x300.jpg\" alt=\"enguru_mehmet_ucer\" class=\"wp-image-391\"\/><\/figure>\n\n\n\n<p>1958 y\u0131l\u0131nda Elaz\u0131\u011f\u2019da do\u011fdu. Geleneksel Anadolu M\u00fczi\u011fi\u2019ne k\u00fc\u00e7\u00fck ya\u015ftan itibaren ilgi duydu ve amat\u00f6r m\u00fbs\u0131k\u00ee derneklerine devam etti. Ba\u011flama ve nazariyat dersleri ad\u0131\u011f\u0131 hocas\u0131 Co\u015fkun G\u00fcl\u00e2 ile birlikte \u201cBa\u011flamada Tezene Tav\u0131rlar\u0131\u201d adl\u0131 bir alb\u00fcm \u00e7\u0131kard\u0131. Farkl\u0131 y\u00f6relerin m\u00fczi\u011fine ait zengin bir koleksiyon olu\u015fturdu ve o y\u00f6relerin de\u011ferli m\u00fczisyenlerinden feyz ald\u0131.<\/p>\n\n\n\n<p>1988 y\u0131l\u0131nda TRT Ankara Radyosu Yurttan Sesler Toplulu\u011fu\u2019na yeti\u015fmi\u015f sanat\u00e7\u0131 olarak girdi. \u00c7e\u015fitli radyo ve televizyon kanallar\u0131na ait prod\u00fcksiyonlarda farkl\u0131 g\u00f6revler \u00fcstlendi; yurti\u00e7i ve yurtd\u0131\u015f\u0131nda konserler verdi. 1994-1997 y\u0131llar\u0131 aras\u0131nda H\u00dc ve TRT Ankara Radyosu Gen\u00e7lik Korosu\u2019nda koro \u015fefli\u011fi ve ba\u011flama hocal\u0131\u011f\u0131 yapt\u0131. TRT kanallar\u0131nda yay\u0131nlanan \u201cBerg\u00fczar\u201d ve \u201cDem Bu Dem\u201d adl\u0131 periyodik programlar\u0131n m\u00fczik dan\u0131\u015fman\u0131 oldu.<\/p>\n\n\n\n<p>\u0130ktisat y\u00fcksek lisans diplomas\u0131na da sahip olan sanat\u00e7\u0131, halen TRT Repertuar Kurulu \u00fcyeli\u011fi ve K\u00fclt\u00fcr Bakanl\u0131\u011f\u0131\u2019nda dan\u0131\u015fma kurulu \u00fcyeli\u011fi ve Y\u0131ld\u0131r\u0131m Beyaz\u0131t \u00dcniversitesi \u00f6\u011fretim \u00fcyeli\u011fi g\u00f6revlerini s\u00fcrd\u00fcrmektedir.<\/p>\n","protected":false},"excerpt":{"rendered":"<p>Derne\u011fin \u201c10. Y\u0131l Etkinlikleri\u201d \u00e7er\u00e7evesinde 2009 y\u0131l\u0131 sonbahar\u0131nda kurulmu\u015f hocal\u0131\u011f\u0131na ve \u015fefli\u011fine TRT Ankara Radyosu T\u00fcrk Halk M\u00fczi\u011fi ses ve saz sanat\u00e7\u0131s\u0131 Mehmet \u00dc\u00c7ER getirilmi\u015ftir. 19 Haziran 2010 tarihinde Ankara\u2019da \u201cAnadolu Semahlar\u0131 \u00d6zel Konseri\u201d yle ilk kez sahne alm\u0131\u015ft\u0131r. Toplulu\u011fun \u00fcye say\u0131s\u0131nda d\u00f6nem d\u00f6nem de\u011fi\u015fiklikler olmakla birlikte, bu say\u0131 yetmi\u015fin alt\u0131na pek d\u00fc\u015fmemektedir. Herhangi bir [&hellip;]<\/p>\n","protected":false},"author":2,"featured_media":0,"parent":68,"menu_order":0,"comment_status":"closed","ping_status":"closed","template":"","meta":{"footnotes":""},"class_list":["post-39","page","type-page","status-publish","hentry"],"_links":{"self":[{"href":"https:\/\/enguru.org.tr\/index.php\/wp-json\/wp\/v2\/pages\/39","targetHints":{"allow":["GET"]}}],"collection":[{"href":"https:\/\/enguru.org.tr\/index.php\/wp-json\/wp\/v2\/pages"}],"about":[{"href":"https:\/\/enguru.org.tr\/index.php\/wp-json\/wp\/v2\/types\/page"}],"author":[{"embeddable":true,"href":"https:\/\/enguru.org.tr\/index.php\/wp-json\/wp\/v2\/users\/2"}],"replies":[{"embeddable":true,"href":"https:\/\/enguru.org.tr\/index.php\/wp-json\/wp\/v2\/comments?post=39"}],"version-history":[{"count":1,"href":"https:\/\/enguru.org.tr\/index.php\/wp-json\/wp\/v2\/pages\/39\/revisions"}],"predecessor-version":[{"id":1430,"href":"https:\/\/enguru.org.tr\/index.php\/wp-json\/wp\/v2\/pages\/39\/revisions\/1430"}],"up":[{"embeddable":true,"href":"https:\/\/enguru.org.tr\/index.php\/wp-json\/wp\/v2\/pages\/68"}],"wp:attachment":[{"href":"https:\/\/enguru.org.tr\/index.php\/wp-json\/wp\/v2\/media?parent=39"}],"curies":[{"name":"wp","href":"https:\/\/api.w.org\/{rel}","templated":true}]}}