{"id":532,"date":"2016-11-02T18:01:24","date_gmt":"2016-11-02T16:01:24","guid":{"rendered":"http:\/\/enguru.org.tr\/?page_id=532"},"modified":"2016-11-02T18:01:24","modified_gmt":"2016-11-02T16:01:24","slug":"halk-turkuleri-konserleri","status":"publish","type":"page","link":"https:\/\/enguru.org.tr\/index.php\/konserler\/halk-turkuleri-konserleri\/","title":{"rendered":"Halk T\u00fcrk\u00fcleri Konserleri"},"content":{"rendered":"<table border=\"1\" cellspacing=\"1\" cellpadding=\"1\">\n<colgroup>\n<col class=\"col0\" \/>\n<col class=\"col1\" \/>\n<col class=\"col2\" \/>\n<col class=\"col3\" \/>\n<col class=\"col4\" \/> <\/colgroup>\n<tbody>\n<tr class=\"row0\">\n<td class=\"column0 style4 s\"><b>Tarih<\/b><\/td>\n<td class=\"column1 style5 s\"><b>Tema<\/b><\/td>\n<td class=\"column2 style5 s\"><b>\u015eef<\/b><\/td>\n<td class=\"column3 style5 s\"><b>Sunucu<\/b><\/td>\n<td class=\"column4 style5 s\"><b>Yer\/Notlar<\/b><\/td>\n<\/tr>\n<tr class=\"row1\">\n<td class=\"column0 style2 n\">3 May\u0131s 2017<\/td>\n<td class=\"column1 style5 s\">\u0130rfan T\u00fcrk\u00fcleri \u00d6zel Konseri<\/td>\n<td class=\"column2 style5 s\">Mehmet \u00dc\u00c7ER<\/td>\n<td class=\"column3 style5 s\">Faruk Cenap ERDO\u011eAN<\/td>\n<td class=\"column4 style5 s\">ANKARA \u00dcniversitesi Dil ve Tarih-Co\u011frafya Fak\u00fcltesi Farabi Salonu<\/td>\n<\/tr>\n<tr class=\"row1\">\n<td class=\"column0 style2 n\">27 Nisan\u00a02016<\/td>\n<td class=\"column1 style5 s\">A\u015f\u0131k Mahsuni \u015eerif T\u00fcrk\u00fcleri \u00d6zel Konseri<\/td>\n<td class=\"column2 style5 s\">Mehmet \u00dc\u00c7ER<\/td>\n<td class=\"column3 style5 s\">Faruk Cenap ERDO\u011eAN<\/td>\n<td class=\"column4 style5 s\">ANKARA \u00dcniversitesi Dil ve Tarih-Co\u011frafya Fak\u00fcltesi Farabi Salonu<\/td>\n<\/tr>\n<tr class=\"row2\">\n<td class=\"column0 style2 n\">13 Haziran 2015<\/td>\n<td class=\"column1 style0 s\">Karadeniz K\u0131y\u0131 T\u00fcrk\u00fcleri \u00d6zel Konseri<\/td>\n<td class=\"column2 style0 s\">Mehmet \u00dc\u00c7ER<\/td>\n<td class=\"column3 style0 s\">Faruk Cenap ERDO\u011eAN<\/td>\n<td class=\"column4 style0 s\">ANKARA \u00dcniversitesi Dil ve Tarih-Co\u011frafya Fak\u00fcltesi Farabi Salonu<\/td>\n<\/tr>\n<tr class=\"row3\">\n<td class=\"column0 style2 n\">7 \u015eubat 2015<\/td>\n<td class=\"column1 style0 s\">Anadolu A\u011f\u0131tlar\u0131 \u00d6zel Konseri<\/td>\n<td class=\"column2 style0 s\">Mehmet \u00dc\u00c7ER<\/td>\n<td class=\"column3 style0 s\">Faruk Cenap ERDO\u011eAN<\/td>\n<td class=\"column4 style0 s\">ANKARA \u00dcniversitesi Dil ve Tarih-Co\u011frafya Fak\u00fcltesi Farabi Salonu<\/td>\n<\/tr>\n<tr class=\"row3\">\n<td class=\"column0 style2 n\">14 Haziran 2014<\/td>\n<td class=\"column1 style0 s\">Anadolu Halaylar\u0131 \u00d6zel Konseri<\/td>\n<td class=\"column2 style0 s\">Mehmet \u00dc\u00c7ER<\/td>\n<td class=\"column3 style0 s\">Faruk Cenap ERDO\u011eAN<\/td>\n<td class=\"column4 style0 s\">ANKARA \u00dcniversitesi Dil ve Tarih-Co\u011frafya Fak\u00fcltesi Farabi Salonu<\/td>\n<\/tr>\n<tr class=\"row3\">\n<td class=\"column0 style2 n\">30 Ocak 2014<\/td>\n<td class=\"column1 style0 s\">A\u015f\u0131k Veysel&#8217;in T\u00fcrk\u00fcleri \u00d6zel Konseri<\/td>\n<td class=\"column2 style0 s\">Mehmet \u00dc\u00c7ER<\/td>\n<td class=\"column3 style0 s\">Faruk Cenap ERDO\u011eAN<\/td>\n<td class=\"column4 style0 s\">ANKARA \u00dcniversitesi Dil ve Tarih-Co\u011frafya Fak\u00fcltesi Farabi Salonu<\/td>\n<\/tr>\n<tr class=\"row4\">\n<td class=\"column0 style2 n\">11 Haziran 2013<\/td>\n<td class=\"column1 style0 s\">Ne\u015fet Erta\u015f T\u00fcrk\u00fcleri \u00d6zel Konseri<\/td>\n<td class=\"column2 style0 s\">Mehmet \u00dc\u00c7ER<\/td>\n<td class=\"column3 style0 s\">Faruk Cenap ERDO\u011eAN<\/td>\n<td class=\"column4 style0 s\">ANKARA \u00dcniversitesi\u00a0<span style=\"text-align: justify;\">T\u0131p Fak\u00fcltesi Morfoloji Binas\u0131, Abd\u00fclkadir Noyan Salonu<\/span><\/td>\n<\/tr>\n<tr class=\"row5\">\n<td class=\"column0 style2 n\">16 \u015eubat 2013<\/td>\n<td class=\"column1 style0 s\">Pir Sultan Abdal T\u00fcrk\u00fcleri \u00d6zel Konseri<\/td>\n<td class=\"column2 style0 s\">Mehmet \u00dc\u00c7ER<\/td>\n<td class=\"column3 style0 s\">Faruk Cenap ERDO\u011eAN<\/td>\n<td class=\"column4 style0 s\">ANKARA \u00dcniversitesi\u00a0<span style=\"text-align: justify;\">T\u0131p Fak\u00fcltesi Morfoloji Binas\u0131, Abd\u00fclkadir Noyan Salonu<\/span><\/td>\n<\/tr>\n<tr class=\"row6\">\n<td class=\"column0 style2 n\">5 Haziran 2012<\/td>\n<td class=\"column1 style0 s\">Elaz\u0131\u011f-Harput T\u00fcrk\u00fcleri \u00d6zel Konseri<\/td>\n<td class=\"column2 style0 s\">Mehmet \u00dc\u00c7ER<\/td>\n<td class=\"column3 style0 s\">Faruk Cenap ERDO\u011eAN<\/td>\n<td class=\"column4 style0 s\"><span style=\"text-align: justify;\">HACETTEPE \u00dcniversitesi K\u00fclt\u00fcr Sitesi M Salonu\u00a0<\/span><\/td>\n<\/tr>\n<tr class=\"row7\">\n<td class=\"column0 style2 n\">25 \u015eubat 2012<\/td>\n<td class=\"column1 style0 s\">Karacao\u011flan Sevda T\u00fcrk\u00fcleri \u00d6zel Konseri<\/td>\n<td class=\"column2 style0 s\">Mehmet \u00dc\u00c7ER<\/td>\n<td class=\"column3 style0 s\">Faruk Cenap ERDO\u011eAN<\/td>\n<td class=\"column4 style0 s\">ANKARA \u00dcniversitesi\u00a0<span style=\"text-align: justify;\">T\u0131p Fak\u00fcltesi Morfoloji Binas\u0131, Abd\u00fclkadir Noyan Salonu<\/span><\/td>\n<\/tr>\n<tr class=\"row8\">\n<td class=\"column0 style2 n\">21 May\u0131s 2011<\/td>\n<td class=\"column1 style0 s\">Harput-Elaz\u0131\u011f T\u00fcrk\u00fcleri \u00d6zel Konseri<\/td>\n<td class=\"column2 style0 s\">Mehmet \u00dc\u00c7ER<\/td>\n<td class=\"column3 style0 s\">Faruk Cenap ERDO\u011eAN<\/td>\n<td class=\"column4 style0 s\"><span style=\"text-align: justify;\">ANKARA Karayollar\u0131 Genel M\u00fcd\u00fcrl\u00fc\u011f\u00fc Konferans Salonu\u00a0<\/span><\/td>\n<\/tr>\n<tr class=\"row3\">\n<td class=\"column0 style2 n\">11 \u015eubat 2011<\/td>\n<td class=\"column1 style0 s\">Efelerin Yemini-Zeybekler \u00d6zel Konseri<\/td>\n<td class=\"column2 style0 s\">Mehmet \u00dc\u00c7ER<\/td>\n<td class=\"column3 style0 s\">Faruk Cenap ERDO\u011eAN<\/td>\n<td class=\"column4 style0 s\">ANKARA \u00dcniversitesi\u00a0<span style=\"text-align: justify;\">T\u0131p Fak\u00fcltesi Morfoloji Binas\u0131, Abd\u00fclkadir Noyan Salonu<\/span><\/td>\n<\/tr>\n<tr class=\"row3\">\n<td class=\"column0 style2 n\">19 Haziran 2010<\/td>\n<td class=\"column1 style0 s\">Anadolu Semahlar\u0131 \u00d6zel Konseri<\/td>\n<td class=\"column2 style0 s\">Mehmet \u00dc\u00c7ER<\/td>\n<td class=\"column3 style0 s\">Faruk Cenap ERDO\u011eAN<\/td>\n<td class=\"column4 style0 s\"><span style=\"text-align: justify;\">HACETTEPE \u00dcniversitesi K\u00fclt\u00fcr Sitesi M Salonu\u00a0<\/span><\/td>\n<\/tr>\n<\/tbody>\n<\/table>\n","protected":false},"excerpt":{"rendered":"<p>Tarih Tema \u015eef Sunucu Yer\/Notlar 3 May\u0131s 2017 \u0130rfan T\u00fcrk\u00fcleri \u00d6zel Konseri Mehmet \u00dc\u00c7ER Faruk Cenap ERDO\u011eAN ANKARA \u00dcniversitesi Dil ve Tarih-Co\u011frafya Fak\u00fcltesi Farabi Salonu 27 Nisan\u00a02016 A\u015f\u0131k Mahsuni \u015eerif T\u00fcrk\u00fcleri \u00d6zel Konseri Mehmet \u00dc\u00c7ER Faruk Cenap ERDO\u011eAN ANKARA \u00dcniversitesi Dil ve Tarih-Co\u011frafya Fak\u00fcltesi Farabi Salonu 13 Haziran 2015 Karadeniz K\u0131y\u0131 T\u00fcrk\u00fcleri \u00d6zel Konseri Mehmet [&hellip;]<\/p>\n","protected":false},"author":2,"featured_media":0,"parent":54,"menu_order":0,"comment_status":"closed","ping_status":"closed","template":"","meta":{"footnotes":""},"class_list":["post-532","page","type-page","status-publish","hentry"],"_links":{"self":[{"href":"https:\/\/enguru.org.tr\/index.php\/wp-json\/wp\/v2\/pages\/532","targetHints":{"allow":["GET"]}}],"collection":[{"href":"https:\/\/enguru.org.tr\/index.php\/wp-json\/wp\/v2\/pages"}],"about":[{"href":"https:\/\/enguru.org.tr\/index.php\/wp-json\/wp\/v2\/types\/page"}],"author":[{"embeddable":true,"href":"https:\/\/enguru.org.tr\/index.php\/wp-json\/wp\/v2\/users\/2"}],"replies":[{"embeddable":true,"href":"https:\/\/enguru.org.tr\/index.php\/wp-json\/wp\/v2\/comments?post=532"}],"version-history":[{"count":0,"href":"https:\/\/enguru.org.tr\/index.php\/wp-json\/wp\/v2\/pages\/532\/revisions"}],"up":[{"embeddable":true,"href":"https:\/\/enguru.org.tr\/index.php\/wp-json\/wp\/v2\/pages\/54"}],"wp:attachment":[{"href":"https:\/\/enguru.org.tr\/index.php\/wp-json\/wp\/v2\/media?parent=532"}],"curies":[{"name":"wp","href":"https:\/\/api.w.org\/{rel}","templated":true}]}}