{"id":54,"date":"2016-09-20T22:19:59","date_gmt":"2016-09-20T19:19:59","guid":{"rendered":"http:\/\/localhost\/enguru\/?page_id=54"},"modified":"2016-09-20T22:19:59","modified_gmt":"2016-09-20T19:19:59","slug":"konserler","status":"publish","type":"page","link":"https:\/\/enguru.org.tr\/index.php\/konserler\/","title":{"rendered":"Konserlerimiz"},"content":{"rendered":"<p><a href=\"http:\/\/enguru.org.tr\/?page_id=530\">Terenn\u00fcm Klasik T\u00fcrk M\u00fczi\u011fi Toplulu\u011fu Konserleri<\/a><\/p>\n<p><a href=\"http:\/\/enguru.org.tr\/?page_id=532\">Eng\u00fcr\u00fc Halk T\u00fcrk\u00fcleri Toplulu\u011fu Konserleri<\/a><\/p>\n","protected":false},"excerpt":{"rendered":"<p>Terenn\u00fcm Klasik T\u00fcrk M\u00fczi\u011fi Toplulu\u011fu Konserleri Eng\u00fcr\u00fc Halk T\u00fcrk\u00fcleri Toplulu\u011fu Konserleri<\/p>\n","protected":false},"author":2,"featured_media":0,"parent":0,"menu_order":0,"comment_status":"closed","ping_status":"closed","template":"","meta":{"footnotes":""},"class_list":["post-54","page","type-page","status-publish","hentry"],"_links":{"self":[{"href":"https:\/\/enguru.org.tr\/index.php\/wp-json\/wp\/v2\/pages\/54","targetHints":{"allow":["GET"]}}],"collection":[{"href":"https:\/\/enguru.org.tr\/index.php\/wp-json\/wp\/v2\/pages"}],"about":[{"href":"https:\/\/enguru.org.tr\/index.php\/wp-json\/wp\/v2\/types\/page"}],"author":[{"embeddable":true,"href":"https:\/\/enguru.org.tr\/index.php\/wp-json\/wp\/v2\/users\/2"}],"replies":[{"embeddable":true,"href":"https:\/\/enguru.org.tr\/index.php\/wp-json\/wp\/v2\/comments?post=54"}],"version-history":[{"count":0,"href":"https:\/\/enguru.org.tr\/index.php\/wp-json\/wp\/v2\/pages\/54\/revisions"}],"wp:attachment":[{"href":"https:\/\/enguru.org.tr\/index.php\/wp-json\/wp\/v2\/media?parent=54"}],"curies":[{"name":"wp","href":"https:\/\/api.w.org\/{rel}","templated":true}]}}