{"id":687,"date":"2016-12-23T23:55:42","date_gmt":"2016-12-23T21:55:42","guid":{"rendered":"http:\/\/enguru.org.tr\/?page_id=687"},"modified":"2016-12-23T23:55:42","modified_gmt":"2016-12-23T21:55:42","slug":"duyurular-arsiv","status":"publish","type":"page","link":"https:\/\/enguru.org.tr\/index.php\/duyurular-arsiv\/","title":{"rendered":"Duyurular-Ar\u015fiv"},"content":{"rendered":"<h1>\u00d6nce Haberler-Ar\u015fiv<\/h1>\n<p>&nbsp;<\/p>\n<p><strong>Konser Duyurusu<\/strong><\/p>\n<p>Eng\u00fcr\u00fc T\u00fcrk M\u00fczi\u011fi Derne\u011fi, Terenn\u00fcm Kl\u00e2sik T\u00fcrk M\u00fczi\u011fi Toplulu\u011fu&#8217;nun \u015eef Vedat Kaptan YURDAKUL y\u00f6netiminde 26 Ocak 2020 Pazar saat 19.30&#8217;da Ankara \u00dcniversitesi Dil ve Tarih- Co\u011frafya Fak\u00fcltesi F\u00e2r\u00e2bi Salonunda ger\u00e7ekle\u015ftirilecek &#8220;H\u00fczzam \u015eark\u0131lar Konseri&#8221;ni onurland\u0131rman\u0131z\u0131 diler.<\/p>\n<p><img loading=\"lazy\" decoding=\"async\" class=\"aligncenter size-full wp-image-1300\" src=\"http:\/\/enguru.org.tr\/wp-content\/uploads\/2016\/09\/20200126_Engurukonser.jpg\" alt=\"20200126_Engurukonser\" width=\"794\" height=\"359\" \/><\/p>\n<p><strong>\u00d6nemli Duyuru<\/strong><\/p>\n<p>Eng\u00fcr\u00fc T\u00fcrk M\u00fczi\u011fi Derne\u011finin \u015eef Vedat Kaptan Yurdakul y\u00f6netimindeki \u00e7al\u0131\u015fmalar\u0131, 24 Kas\u0131m 2019 Pazar g\u00fcn\u00fcnden itibaren saat 15.00&#8217;da Ankara B\u00fcy\u00fck\u015fehir Belediyesi Gen\u00e7lik Park\u0131 K\u00fclt\u00fcr Merkezi Necip Faz\u0131l Salonunda ger\u00e7ekle\u015ftirilecektir.<\/p>\n<p>Koromuzla ilgili bilgi almak i\u00e7in \u00fccretsiz olarak 0 850 303 4482 numaral\u0131 telefonu arayabilirsiniz.<\/p>\n<p><img loading=\"lazy\" decoding=\"async\" class=\"size-full wp-image-1045 aligncenter\" src=\"http:\/\/enguru.org.tr\/wp-content\/uploads\/2017\/05\/20170514_KonserFoto_03.jpg\" alt=\"20170514_konserfoto_03\" width=\"676\" height=\"451\" \/><\/p>\n<hr \/>\n<p>Eng\u00fcr\u00fc ailemizin de\u011ferli \u00fcyesi Do\u011facan Ka\u015f\u0131kara taraf\u0131ndan bestelenen Ferahfeza Saz Semaisi, TRT Repertuar\u0131na kabul edilerek TRT Ankara Radyosu Saz Sanat\u00e7\u0131lar\u0131 taraf\u0131ndan seslendirilmi\u015ftir. Kendisini kutluyor, ba\u015far\u0131lar\u0131n\u0131n devam\u0131n\u0131 diliyoruz.<\/p>\n<p>[embedyt] http:\/\/www.youtube.com\/watch?v=LO-Y0LGqzl8[\/embedyt]<\/p>\n<p>&nbsp;<\/p>\n<hr \/>\n<p>&nbsp;<\/p>\n<hr \/>\n<p style=\"text-align: center;\"><strong>ENG\u00dcR\u00dc T\u00dcRK M\u00dcZ\u0130\u011e\u0130 DERNE\u011e\u0130<\/strong><br \/>\n<strong>8. OLA\u011eAN GENEL KURUL \u0130LANI<\/strong><\/p>\n<p style=\"text-align: center;\">Derne\u011fimizin 8. Ola\u011fan Genel Kurulu, Libya Caddesi 34\/2 Ahmetler\/ANKARA (Kayseri \u0130li Yard\u0131m Derne\u011fi) adresinde, 28 Nisan 2019 Pazar g\u00fcn\u00fc, saat 14.00\u2019te; \u00e7o\u011funluk sa\u011flanamad\u0131\u011f\u0131 takdirde, 12 May\u0131s 2019 Pazar g\u00fcn\u00fc, ayn\u0131 yer ve saatte, a\u015fa\u011f\u0131daki g\u00fcndemle toplanacakt\u0131r.<br \/>\nT\u00fcm \u00fcyelerimize duyurulur.<\/p>\n<p style=\"text-align: center;\">Y\u00f6netim Kurulu<\/p>\n<p style=\"text-align: center;\">G\u00fcndem i\u00e7in <a href=\"http:\/\/enguru.org.tr\/?p=1229\">t\u0131klay\u0131n\u0131z<\/a>.<\/p>\n<p>&nbsp;<\/p>\n<hr \/>\n<p><img loading=\"lazy\" decoding=\"async\" class=\"aligncenter wp-image-1234\" src=\"http:\/\/enguru.org.tr\/wp-content\/uploads\/2016\/09\/enguru2019bahar_davetiye-1024x449.jpg\" alt=\"enguru2019bahar_davetiye\" width=\"517\" height=\"227\" \/><\/p>\n<p>Eng\u00fcr\u00fc T\u00fcrk M\u00fczi\u011fi Derne\u011fi, 5 May\u0131s 2019 Pazar saat 19.30&#8217;da Ankara \u00dcniversitesi DTCF F\u00e2r\u00e2bi Salonunda ger\u00e7ekle\u015ftirilecek Terenn\u00fcm Kl\u00e2sik T\u00fcrk M\u00fczi\u011fi Toplulu\u011fu&#8217;nun \u015eef Vedat Kaptan Yurdakul y\u00f6netimindeki &#8220;Bestek\u00e2rlar\u0131m\u0131z ve Makamlar\u0131m\u0131z-4&#8221; konserini onurland\u0131rman\u0131z\u0131 diler.<\/p>\n<p>&nbsp;<\/p>\n<hr \/>\n<p>Eng\u00fcr\u00fc T\u00fcrk M\u00fczi\u011fi Derne\u011fi Terenn\u00fcm Kl\u00e2s\u00eek T\u00fcrk M\u00fczi\u011fi Toplulu\u011fu&#8217;nun \u015eef Vedat Kaptan YURDAKUL y\u00f6netiminde ger\u00e7ekle\u015ftirece\u011fi &#8220;Bir Makam, Bir Bestek\u00e2r-2&#8221; Konseri, \u015eehn\u00e2z makam\u0131ndaki eserler ve Selahattin \u0130nal bestelerinden olu\u015fan repertuar\u0131yla 13 May\u0131s 2018 Pazar saat 20.00&#8217;da Ankara \u00dcniversitesi Dil ve Tarih-Co\u011frafya Fak\u00fcltesi F\u00e2r\u00e2bi Salonunda&#8230;Konserimiz \u00fccretsiz olup, t\u00fcm mus\u00eekiseverler davetlidir.<\/p>\n<p><img loading=\"lazy\" decoding=\"async\" class=\"aligncenter size-full wp-image-1189\" src=\"http:\/\/enguru.org.tr\/wp-content\/uploads\/2016\/09\/EnguruTMD_2018Bahar_Davetiye.jpg\" alt=\"engurutmd_2018bahar_davetiye\" width=\"728\" height=\"339\" \/><\/p>\n<p>&nbsp;<\/p>\n<hr \/>\n<p>K\u00fclt\u00fcr ve Turizm Bakanl\u0131\u011f\u0131, \u0130stanbul B\u00fcy\u00fck\u015fehir Belediyesi ve TRT katk\u0131lar\u0131yla haz\u0131rlanan\u00a0 ve 15 Nisan-15 May\u0131s 2018 tarihleri aras\u0131nda ger\u00e7ekle\u015ftirilecek 25. \u0130stanbul T\u00fcrk M\u00fczi\u011fi Festivali kapsam\u0131nda TRT M\u00fczik ekranlar\u0131nda yay\u0131mlanan \u015eAHESERLER program\u0131, Y\u0131l\u0131n En \u0130yi M\u00fczik Program\u0131 se\u00e7ilmi\u015ftir. 29 Nisan 2018 Pazar g\u00fcn\u00fc takdim edilen \u00f6d\u00fcl vesilesi ile Kl\u00e2s\u00eek T\u00fcrk M\u00fczi\u011fimizin ba\u015f tac\u0131 eserlerini ekrana ta\u015f\u0131yarak m\u00fczi\u011fimize ait de\u011ferlerin ya\u015fat\u0131lmas\u0131 i\u00e7in emek veren de\u011ferli \u015fefimiz Vedat Kaptan Yurdakul&#8217;a \u015f\u00fckranlar\u0131m\u0131z\u0131 sunar\u0131z.<\/p>\n<p><img loading=\"lazy\" decoding=\"async\" class=\"aligncenter size-large wp-image-1198\" src=\"http:\/\/enguru.org.tr\/wp-content\/uploads\/2016\/09\/FB_IMG_1525122364658-1024x725.jpg\" alt=\"fb_img_1525122364658\" width=\"750\" height=\"531\" \/><\/p>\n<hr \/>\n<p>10 Mart 2018 tarihli NTV Makam Fark\u0131 program\u0131nda Bimen \u015een&#8217;in Hicazk\u00e2r bestesi olan &#8220;K\u0131rsa Bin Tel Naz ile Terk-i Esaret Eylemem&#8221; adl\u0131 eser, de\u011ferli \u015eefimiz Vedat Kaptan YURDAKUL&#8217;un yorumuyla yer ald\u0131. Programda 4.40&#8217;dan sonra yer alan s\u00f6z konusu eseri ve program\u0131n tamam\u0131n\u0131 izlemek i\u00e7in l\u00fctfen <a href=\"https:\/\/www.ntv.com.tr\/video\/makam-farki\/makam-farki-10-mart-2018,luTuWs2vwkeFEaVF5W7ECw\">t\u0131klay\u0131n\u0131z<\/a>.<\/p>\n<p><img loading=\"lazy\" decoding=\"async\" class=\"aligncenter size-large wp-image-1175\" src=\"http:\/\/enguru.org.tr\/wp-content\/uploads\/2016\/09\/vky_ntv2018-1024x575.jpg\" alt=\"vky_ntv2018\" width=\"750\" height=\"421\" \/><\/p>\n<p>&nbsp;<\/p>\n<hr \/>\n<p>Eng\u00fcr\u00fc Terenn\u00fcm Klasik T\u00fcrk M\u00fczi\u011fi Toplulu\u011fu konseri 24 Saat Gazetesi&#8217;nde yer ald\u0131. Haber i\u00e7in Say\u0131n Do\u011fan Bulgun&#8217;a te\u015fekk\u00fcr ediyoruz. Metin i\u00e7in l\u00fctfen <a href=\"\/?p=1161\">t\u0131klay\u0131n\u0131z<\/a>.<\/p>\n<p><img loading=\"lazy\" decoding=\"async\" class=\"aligncenter size-full wp-image-1164\" src=\"http:\/\/enguru.org.tr\/wp-content\/uploads\/2018\/02\/24Saat_engurukonser2018_01.jpg\" alt=\"24saat_engurukonser2018_01\" width=\"696\" height=\"455\" \/><\/p>\n<p>&nbsp;<\/p>\n<hr \/>\n<p>27 Ocak 2018 tarihinde ger\u00e7ekle\u015ftirdi\u011fimiz 37. Konserimizde de\u011ferli alk\u0131\u015flar\u0131yla bizleri hi\u00e7bir zaman yaln\u0131z b\u0131rakmayan siz konuklar\u0131m\u0131z ba\u015fta olmak \u00fczere sevgili hocam\u0131z Vedat Kaptan Yurdakul&#8217;a, tanburuyla gecemize lezzet katan de\u011ferli sanatk\u00e2r Murat Salim Toka\u00e7&#8217;a, t\u00fcm hanende ve sazendelerimize en derin \u015f\u00fckranlar\u0131m\u0131z\u0131 sunar, 13 May\u0131staki konserimizde sa\u011fl\u0131kla g\u00f6r\u00fc\u015fmeyi temenni ederiz&#8230;<\/p>\n<p><img loading=\"lazy\" decoding=\"async\" class=\"aligncenter size-large wp-image-1152\" src=\"http:\/\/enguru.org.tr\/wp-content\/uploads\/2016\/09\/IMG_20180128_152924_198-1024x1024.jpg\" alt=\"img_20180128_152924_198\" width=\"500\" height=\"500\" \/><\/p>\n<p>&nbsp;<\/p>\n<hr \/>\n<p><strong>Sivas Mavi Yel De\u011firmeni K\u00fclt\u00fcr ve Sanat Derne\u011fi<\/strong><\/p>\n<p>Kurulu\u015funun \u00f6ncesinden bu yana bizlerle yak\u0131n i\u015fbirli\u011fi halinde \u00e7al\u0131\u015fan karde\u015f derne\u011fimiz Sivas Mavi Yel De\u011firmeni K\u00fclt\u00fcr ve Sanat Derne\u011fi, 20 Nisan 2017 tarihinde kurularak T\u00fcrk M\u00fczi\u011finin kuramsal ve uygulamal\u0131 olarak en iyi ve en do\u011fru bi\u00e7imde \u00f6\u011fretilmesini ve tan\u0131t\u0131lmas\u0131n\u0131 hedefleyen \u00e7al\u0131\u015fmalar\u0131n\u0131 s\u00fcrd\u00fcrmektedir. Kendilerine \u00e7al\u0131\u015fmalar\u0131nda ba\u015far\u0131lar diliyoruz.<\/p>\n\n<hr \/>\n<p><img loading=\"lazy\" decoding=\"async\" class=\"alignleft size-full wp-image-1108\" src=\"http:\/\/enguru.org.tr\/wp-content\/uploads\/2016\/09\/idemirdoven.jpg\" alt=\"idemirdoven\" width=\"286\" height=\"216\" \/><\/p>\n<p>Eng\u00fcr\u00fc T\u00fcrk M\u00fczi\u011fi Derne\u011fi Y\u00f6netim Kurulu \u00fcyemiz Say\u0131n\u00a0Prof. Dr. \u0130smail Demird\u00f6ven&#8217;in 24 Kas\u0131m 2017 Cuma g\u00fcn\u00fc 14.00&#8217;te \u00c7ankaya \u00dcniversitesi Merkez Kamp\u00fcs\u00fcnde (Eski\u015fehir yolu 30.km. Turkuaz Konutlar\u0131 Kar\u015f\u0131s\u0131) ger\u00e7ekle\u015ftirilecek &#8220;Neden Felsefe&#8221; konulu Konferans\/S\u00f6yle\u015fi program\u0131na t\u00fcm Eng\u00fcr\u00fcl\u00fcler davetlidir.<\/p>\n<p>&nbsp;<\/p>\n<p>&nbsp;<\/p>\n<hr \/>\n<p><strong><img loading=\"lazy\" decoding=\"async\" class=\"alignleft size-full wp-image-1105\" src=\"http:\/\/enguru.org.tr\/wp-content\/uploads\/2016\/09\/IMG_20171105_220546_283.jpg\" alt=\"img_20171105_220546_283\" width=\"720\" height=\"720\" \/><\/strong><\/p>\n<p>TRT Ankara Radyosunun duayen sunucular\u0131ndan sevgili Derya Kaya&#8217;y\u0131 kaybetmi\u015f olman\u0131n tarifsiz \u00fcz\u00fcnt\u00fcs\u00fc i\u00e7indeyiz. Eng\u00fcr\u00fc ailesi olarak kederli ailesine, TRT camias\u0131na ve t\u00fcm sevenlerine sab\u0131r ve ba\u015fsa\u011fl\u0131\u011f\u0131 diliyoruz.<\/p>\n<p>&nbsp;<\/p>\n<p>&nbsp;<\/p>\n<hr \/>\n<p>18. y\u0131l\u0131m\u0131z ve 36. Konserimizde bizleri yaln\u0131z b\u0131rakmayan siz k\u0131ymetli seyircilerimiz ba\u015fta olmak \u00fczere de\u011ferli \u015fefimiz Say\u0131n Vedat Kaptan Yurdakul&#8217;a, onur \u00fcyemiz Say\u0131n Kutlu Payasl\u0131&#8217;ya, t\u00fcm hanende ve sazendelerimize en derin \u015f\u00fckranlar\u0131m\u0131z\u0131 sunar, bir sonraki konserimize kadar esenlikler dileriz&#8230;(Foto\u011fraflar: Behi\u00e7 \u00d6zer)<\/p>\n<p><img loading=\"lazy\" decoding=\"async\" class=\"aligncenter size-large wp-image-1037\" src=\"http:\/\/enguru.org.tr\/wp-content\/uploads\/2016\/09\/IMG_20170515_164843-1024x1024.jpg\" alt=\"img_20170515_164843\" width=\"750\" height=\"750\" \/><\/p>\n<p>&nbsp;<\/p>\n<hr \/>\n<p>Eng\u00fcr\u00fc T\u00fcrk M\u00fczi\u011fi Derne\u011fi Halk T\u00fcrk\u00fcleri Toplulu\u011fu&#8217;nun \u015eef Mehmet \u00dc\u00e7er y\u00f6netimindeki &#8220;\u0130rfan T\u00fcrk\u00fcleri Konseri&#8221;, 3 May\u0131s 2017 \u00c7ar\u015famba saat 19.30&#8217;da Ankara \u00dcniversitesi Dil ve Tarih- Co\u011frafya Fak\u00fcltesi Farabi Salonu&#8217;nda. T\u00fcm t\u00fcrk\u00fc dostlar\u0131n\u0131 konserimize bekliyoruz&#8230;<\/p>\n<p><img loading=\"lazy\" decoding=\"async\" class=\"aligncenter wp-image-1007\" src=\"http:\/\/enguru.org.tr\/wp-content\/uploads\/2016\/09\/EnguruHalk2017Davetiye01.jpg\" alt=\"enguruhalk2017davetiye01\" width=\"935\" height=\"407\" \/><\/p>\n<p><!--more--><\/p>\n<p>&nbsp;<\/p>\n<p>T\u00fcrk Musikisi Federasyonu taraf\u0131ndan d\u00fczenlenen 1. \u00c7orlu Amat\u00f6r Ses Yar\u0131\u015fmas\u0131 Finalinde dereceye giren Terenn\u00fcm Kl\u00e2sik T\u00fcrk M\u00fczi\u011fi Toplulu\u011fu hanendelerinden Derya \u00d6ZER (ikinci) ve Mehmet Emin KABAK\u00c7I&#8217;y\u0131 (\u00fc\u00e7\u00fcnc\u00fc) y\u00fcrekten kutluyor, Eng\u00fcr\u00fc T\u00fcrk M\u00fczi\u011fi Derne\u011fi olarak ba\u015far\u0131lar\u0131n\u0131n artarak devam etmesini diliyoruz&#8230;<\/p>\n<p><img loading=\"lazy\" decoding=\"async\" class=\"aligncenter wp-image-1011\" src=\"http:\/\/enguru.org.tr\/wp-content\/uploads\/2016\/09\/TUMFED_finalist.jpg\" alt=\"tumfed_finalist\" width=\"509\" height=\"509\" \/><\/p>\n<p>&nbsp;<\/p>\n<p><!--more--><\/p>\n<p>T\u00fcrk Halk M\u00fczi\u011fi sanat\u00e7\u0131s\u0131, \u0130T\u00dc \u00d6\u011fretim \u00dcyesi Ta\u015fk\u0131n Do\u011fan\u0131\u015f\u0131k&#8217;\u0131 kaybetmenin \u00fcz\u00fcnt\u00fcs\u00fc i\u00e7indeyiz. Eng\u00fcr\u00fc T\u00fcrk M\u00fczi\u011fi Derne\u011fi olarak ailesine ve sevenlerine ba\u015fsa\u011fl\u0131\u011f\u0131 diliyoruz.<\/p>\n<p><!--more--><\/p>\n<p>Ankara Radyosu&#8217;nun duayen ses sanat\u00e7\u0131lar\u0131ndan Ali Osman Akku\u015f&#8217;u kaybettik. Sevenlerine ve ailesine ba\u015fsa\u011fl\u0131\u011f\u0131 diliyor, Eng\u00fcr\u00fc T\u00fcrk M\u00fczi\u011fi Derne\u011fi olarak ac\u0131lar\u0131n\u0131 payla\u015f\u0131yoruz<\/p>\n<hr \/>\n<p>&nbsp;<\/p>\n<p><img loading=\"lazy\" decoding=\"async\" class=\" wp-image-975 alignright\" src=\"http:\/\/enguru.org.tr\/wp-content\/uploads\/2016\/09\/TUMAUM_yesari.jpg\" alt=\"tumaum_yesari\" width=\"293\" height=\"425\" \/><\/p>\n<p>Hacettepe \u00dcniversitesi T\u00fcrk M\u00fczi\u011fi Ara\u015ft\u0131rma ve Uygulama Merkezi taraf\u0131ndan haz\u0131rlanan Klasik T\u00fcrk M\u00fczi\u011fi Bestecilerimiz ve Bestelerinden Se\u00e7meler Dizisinde bu ay Yesari As\u0131m Arsoy ve besteleri konu ediliyor.<\/p>\n<p>Program, Dernek ba\u015fkan\u0131m\u0131z Say\u0131n Tanyol \u00c7ORUH&#8217;un \u015fefli\u011finde ve Genel Sekreterimiz Say\u0131n Faruk Cenap ERDO\u011eAN&#8217;\u0131n sunumuyla 28 Mart 2017 Sal\u0131 g\u00fcn\u00fc saat 14.00&#8217;te Hacettepe \u00dcniversitesi Beytepe Yerle\u015fkesi K Salonunda ger\u00e7ekle\u015ftirilecek.<\/p>\n<p>T\u00fcm musikiseverlere duyurulur.<\/p>\n<p>&nbsp;<\/p>\n<p>&nbsp;<\/p>\n<p>&nbsp;<\/p>\n<p>&nbsp;<\/p>\n<p>&nbsp;<\/p>\n<p>&nbsp;<\/p>\n<hr \/>\n<p><img loading=\"lazy\" decoding=\"async\" class=\"wp-image-943 size-medium alignleft\" src=\"http:\/\/enguru.org.tr\/wp-content\/uploads\/2017\/03\/OnurKaleAfis-212x300.jpg\" alt=\"onurkaleafis\" width=\"212\" height=\"300\" \/>Eng\u00fcr\u00fc T\u00fcrk M\u00fczi\u011fi Derne\u011fi olarak Ankaral\u0131 m\u00fczisyen sevgili Onur KALE ile ger\u00e7ekle\u015ftirdi\u011fimiz r\u00f6portaj\u0131 keyifle seyretmenizi dileriz. R\u00f6portaja eri\u015fmek i\u00e7in l\u00fctfen <a href=\"http:\/\/enguru.org.tr\/?p=942\">t\u0131klay\u0131n\u0131z<\/a>.<\/p>\n<p>&nbsp;<\/p>\n<p>&nbsp;<\/p>\n<p>&nbsp;<\/p>\n<p>&nbsp;<\/p>\n<p>&nbsp;<\/p>\n<p>&nbsp;<\/p>\n<p>&nbsp;<\/p>\n<p>&nbsp;<\/p>\n<hr \/>\n<p>&nbsp;<\/p>\n<p>Terenn\u00fcm Klasik T\u00fcrk M\u00fczi\u011fi Toplulu\u011fu yeni y\u0131l yeme\u011fi, sevgili \u015fefimiz Vedat Kaptan\u00a0YURDAKUL, Eng\u00fcr\u00fc T\u00fcrk M\u00fczi\u011fi Derne\u011fi Y\u00f6netim Kurulu \u00fcyeleri ve de\u011ferli hanendelerimizin kat\u0131l\u0131m\u0131yla 24 \u015eubat 2017 ak\u015fam\u0131 ger\u00e7ekle\u015ftirildi. Geceden karelere eri\u015fmek i\u00e7in l\u00fctfen <a href=\"http:\/\/enguru.org.tr\/?p=900\">t\u0131klay\u0131n\u0131z<\/a>.<\/p>\n<p>&nbsp;<\/p>\n<p>&nbsp;<\/p>\n<hr \/>\n<p>&nbsp;<\/p>\n<p><img loading=\"lazy\" decoding=\"async\" class=\"wp-image-753 alignright\" src=\"http:\/\/enguru.org.tr\/wp-content\/uploads\/2016\/09\/EnguruOcak2017_Konser.jpg\" alt=\"enguruocak2017_konser\" width=\"392\" height=\"392\" \/>21 Ocak 2017 tarihinde ger\u00e7ekle\u015ftirdi\u011fimiz Terenn\u00fcm Kl\u00e2sik T\u00fcrk M\u00fczi\u011fi Korosunun 35. konserinde de\u011ferli alk\u0131\u015flar\u0131yla bizleri hi\u00e7bir zaman yaln\u0131z b\u0131rakmayan konuklar\u0131m\u0131z ba\u015fta olmak \u00fczere de\u011ferli \u015fefimiz Vedat Kaptan YURDAKUL&#8217;a, hanende ve sazendelerimize en derin \u015f\u00fckranlar\u0131m\u0131z\u0131 sunar, May\u0131s ay\u0131ndaki konserimizde sa\u011fl\u0131kla g\u00f6r\u00fc\u015fmeyi temenni ederiz.<\/p>\n<p>&nbsp;<\/p>\n<p>&nbsp;<\/p>\n<p>&nbsp;<\/p>\n<p>&nbsp;<\/p>\n<p>&nbsp;<\/p>\n<p>&nbsp;<\/p>\n<hr \/>\n<p>&nbsp;<\/p>\n<p><img loading=\"lazy\" decoding=\"async\" class=\" wp-image-340 alignright\" src=\"http:\/\/enguru.org.tr\/wp-content\/uploads\/2016\/11\/Arsiv_THM01-300x162.jpg\" alt=\"arsiv_thm01\" width=\"357\" height=\"193\" \/>Eng\u00fcr\u00fc Halk T\u00fcrk\u00fcleri Toplulu\u011fumuz yeni d\u00f6nem \u00e7al\u0131\u015fmalar\u0131na de\u011ferli hocam\u0131z Say\u0131n Mehmet \u00dc\u00c7ER y\u00f6netiminde 29 Ekim Cumartesi g\u00fcn\u00fc Saat:14.00\u2019de (Mithatpasa Caddesi No. 30\/31-Postane \u00dcst\u00fc 7.kat) ba\u015flad\u0131.<\/p>\n<p>Eng\u00fcr\u00fc Halk T\u00fcrk\u00fcleri Toplulu\u011fumuza kay\u0131tlar devam ediyor&#8230;<\/p>\n<p>&nbsp;<\/p>\n<p>&nbsp;<\/p>\n<p>&nbsp;<\/p>\n<p>&nbsp;<\/p>\n<p>&nbsp;<\/p>\n<p>Eng\u00fcr\u00fc T\u00fcrk M\u00fczi\u011fi Derne\u011fi, Terenn\u00fcm Klasik T\u00fcrk M\u00fczi\u011fi Toplulu\u011fu, \u015eef Vedat Kaptan Yurdakul y\u00f6netimindeki &#8220;Mahmut Cel<span class=\"Apple-style-span\">\u00e2<\/span>leddin Pa\u015fa ve Selanikli Ahmet Efendi&#8221; Konserini onurland\u0131rman\u0131z\u0131 diler.<br \/>\n<img loading=\"lazy\" decoding=\"async\" class=\"aligncenter wp-image-719\" src=\"http:\/\/enguru.org.tr\/wp-content\/uploads\/2017\/01\/2016YeniYilKonseri.jpg\" alt=\"2016yeniyilkonseri\" width=\"964\" height=\"408\" \/><\/p>\n<p>&nbsp;<\/p>\n<div>\n<hr \/>\n<\/div>\n<p>M\u00fcnir Nurettin Sel\u00e7uk&#8217;un \u00f6\u011frencilerinden TRT \u0130stanbul Radyosu sanat\u00e7\u0131s\u0131 Selma Ers\u00f6z&#8217;\u00fc kaybetmi\u015f olman\u0131n \u00fcz\u00fcnt\u00fcs\u00fc i\u00e7indeyiz. Kendisine Allah&#8217;tan rahmet, yak\u0131nlar\u0131na ve sevenlerine sab\u0131r ve ba\u015f\u015fsa\u011fl\u0131\u011f\u0131 diliyoruz.<\/p>\n<p><iframe loading=\"lazy\" src=\" https:\/\/www.youtube.com\/embed\/ImNFpe7ydPo\" width=\"560\" height=\"315\" frameborder=\"0\" allowfullscreen=\"allowfullscreen\" data-mce-fragment=\"1\"><\/iframe><\/p>\n<hr \/>\n<p>&nbsp;<\/p>\n<p><img loading=\"lazy\" decoding=\"async\" class=\"aligncenter size-full wp-image-674\" src=\"http:\/\/enguru.org.tr\/wp-content\/uploads\/2016\/09\/coskungula.jpg\" alt=\"coskungula\" width=\"748\" height=\"334\" \/><\/p>\n<p>Eng\u00fcr\u00fc Halk T\u00fcrk\u00fcleri Toplulu\u011fu \u015eefimiz Say\u0131n Mehmet \u00dc\u00c7ER&#8217;in de \u00f6\u011frencileri aras\u0131nda yer ald\u0131\u011f\u0131, T\u00fcrk Halk M\u00fczi\u011fi sanat\u00e7\u0131s\u0131 Say\u0131n <a href=\"http:\/\/enguru.org.tr\/?p=577\">Co\u015fkun G\u00dcLA<\/a>, \u00a030 Kas\u0131m 2016 tarihinde ya\u015fam\u0131n\u0131 yitirmi\u015ftir. Eng\u00fcr\u00fc T\u00fcrk M\u00fczi\u011fi Derne\u011fi olarak Eng\u00fcr\u00fc T\u00fcrk Halk M\u00fczi\u011fi Emek \u00d6d\u00fcl\u00fc&#8217;n\u00fcn ilk takdim edildi\u011fi sanat\u00e7\u0131m\u0131z olan Say\u0131n G\u00dcLA&#8217;ya Allah&#8217;tan rahmet, ailesine ve t\u00fcm sevenlerine ba\u015fsa\u011fl\u0131\u011f\u0131 diliyoruz.<\/p>\n<p>&nbsp;<\/p>\n<hr \/>\n<p>&nbsp;<\/p>\n<p>T\u00fcrk Sanat M\u00fczi\u011fi sanat\u00e7\u0131s\u0131 Mediha \u015een ve de\u011ferli e\u015fi, TRT Sanat\u00e7\u0131s\u0131 Say\u0131n Vedat Kaptan Yurdakul \u015fefli\u011findeki 27 Kas\u0131m 2016 tarihli Eng\u00fcr\u00fc Terenn\u00fcm Klasik T\u00fcrk M\u00fczi\u011fi Toplulu\u011fu \u00e7al\u0131\u015fmas\u0131n\u0131, kat\u0131l\u0131mlar\u0131yla onurland\u0131rd\u0131. O g\u00fczel g\u00fcnden kareler i\u00e7in l\u00fctfen <a href=\"\/?p=655\">t\u0131klay\u0131n\u0131z<\/a>.<\/p>\n<p>&nbsp;<\/p>\n<hr \/>\n<p>&nbsp;<\/p>\n<p>M\u00fczik Yaz\u0131lar\u0131 K\u00f6\u015femizde, d\u00fczenli aral\u0131klarla Klasik T\u00fcrk Musikisi ve Halk M\u00fczi\u011fi alan\u0131nda farkl\u0131 konularda haz\u0131rlad\u0131\u011f\u0131m\u0131z yaz\u0131lar\u0131 payla\u015fmay\u0131 hedeflemekteyiz. Sizler de merak etti\u011finiz, \u00fczerinde ara\u015ft\u0131rma yap\u0131lmas\u0131n\u0131 istedi\u011finiz konular hakk\u0131nda bizlere e-posta g\u00f6nderebilirsiniz. K\u00f6\u015femize eri\u015fmek i\u00e7in l\u00fctfen <a href=\"http:\/\/enguru.org.tr\/?cat=46\">t\u0131klay\u0131n\u0131z<\/a>.<\/p>\n<p>&nbsp;<\/p>\n<hr \/>\n<p>&nbsp;<\/p>\n<p>Eng\u00fcr\u00fc Halk T\u00fcrk\u00fcleri Toplulu\u011fumuz yeni d\u00f6nem \u00e7al\u0131\u015fmalar\u0131na de\u011ferli hocam\u0131z Say\u0131n Mehmet \u00dc\u00c7ER y\u00f6netiminde 29 Ekim Cumartesi g\u00fcn\u00fc Saat:14.00\u2019de (Mithatpasa Caddesi No. 30\/31-Postane \u00dcst\u00fc 7.kat) ba\u015flad\u0131.<img loading=\"lazy\" decoding=\"async\" class=\"alignright size-medium wp-image-340\" src=\"http:\/\/enguru.org.tr\/wp-content\/uploads\/2016\/11\/Arsiv_THM01-300x162.jpg\" alt=\"arsiv_thm01\" width=\"300\" height=\"162\" \/><\/p>\n<p>Cumhuriyetimizin kurulu\u015funun 93. y\u0131ld\u00f6n\u00fcm\u00fcne denk gelen ilk \u00e7al\u0131\u015fma, Atat\u00fcrk ve Cumhuriyet konulu sohbet ve Hocam\u0131z ile topluluk \u00fcyesi ve aram\u0131za yeni kat\u0131lan arkada\u015flar\u0131m\u0131z\u0131n s\u00f6yledi\u011fi t\u00fcrk\u00fclerle sona erdi.<\/p>\n<p>Eng\u00fcr\u00fc Halk T\u00fcrk\u00fcleri Toplulu\u011fumuzun di\u011fer \u00e7al\u0131\u015fmalar\u0131 da yine ayn\u0131 yerde ve ayn\u0131 saatte yap\u0131lacakt\u0131r.<\/p>\n<p>&nbsp;<\/p>\n<p>&nbsp;<\/p>\n<hr \/>\n<p><img loading=\"lazy\" decoding=\"async\" class=\"alignleft size-medium wp-image-486\" src=\"http:\/\/enguru.org.tr\/wp-content\/uploads\/2016\/09\/enguru2016_02-300x169.jpg\" alt=\"enguru2016_02\" width=\"300\" height=\"169\" \/><\/p>\n<p>Kl\u00e2sik T\u00fcrk M\u00fczi\u011fi Toplulu\u011fumuz, kurucu ve onursal ba\u015fkan\u0131m\u0131z \u015eef Say\u0131n Vedat Kaptan YURDAKUL y\u00f6netimindeki \u00e7al\u0131\u015fmalar\u0131na 2 Ekim 2016 Pazar g\u00fcn\u00fc ba\u015flad\u0131. \u00c7al\u0131\u015fmalar\u0131m\u0131z her zamanki gibi Pazar g\u00fcnleri 14.30-17.00 saatleri aras\u0131nda Ankara Gen\u00e7lik Park\u0131 K\u00fclt\u00fcr Merkezi\u2019nde bulunan Necip Faz\u0131l Salonunda yap\u0131lmaktad\u0131r.<\/p>\n<p>Her iki toplulu\u011fumuza ili\u015fkin ayr\u0131nt\u0131l\u0131 bilgi ve \u00fcyelik talebi i\u00e7in <u>engurutmd (at) gmail.com<\/u> e-posta adresine mesaj g\u00f6nderebilir ya da 0 850 303 4482 numaral\u0131 telefonu (\u00fccretsiz) arayabilirsiniz.<\/p>\n<p>&nbsp;<\/p>\n<hr \/>\n<p>Yeni y\u00fcz\u00fcyle kullan\u0131ma a\u00e7\u0131lan sitemiz \u00fczerindeki \u00e7al\u0131\u015fmalar\u0131m\u0131z devam ediyor. G\u00f6r\u00fc\u015f ve \u00f6nerilerinizi,\u00a0engurutmd (at) gmail.com e-posta adresine mesajla iletebilirsiniz.<\/p>\n<p>&nbsp;<\/p>\n<p>&nbsp;<\/p>\n","protected":false},"excerpt":{"rendered":"<p>\u00d6nce Haberler-Ar\u015fiv &nbsp; Konser Duyurusu Eng\u00fcr\u00fc T\u00fcrk M\u00fczi\u011fi Derne\u011fi, Terenn\u00fcm Kl\u00e2sik T\u00fcrk M\u00fczi\u011fi Toplulu\u011fu&#8217;nun \u015eef Vedat Kaptan YURDAKUL y\u00f6netiminde 26 Ocak 2020 Pazar saat 19.30&#8217;da Ankara \u00dcniversitesi Dil ve Tarih- Co\u011frafya Fak\u00fcltesi F\u00e2r\u00e2bi Salonunda ger\u00e7ekle\u015ftirilecek &#8220;H\u00fczzam \u015eark\u0131lar Konseri&#8221;ni onurland\u0131rman\u0131z\u0131 diler. \u00d6nemli Duyuru Eng\u00fcr\u00fc T\u00fcrk M\u00fczi\u011fi Derne\u011finin \u015eef Vedat Kaptan Yurdakul y\u00f6netimindeki \u00e7al\u0131\u015fmalar\u0131, 24 Kas\u0131m 2019 [&hellip;]<\/p>\n","protected":false},"author":2,"featured_media":0,"parent":0,"menu_order":0,"comment_status":"closed","ping_status":"closed","template":"","meta":{"footnotes":""},"class_list":["post-687","page","type-page","status-publish","hentry"],"_links":{"self":[{"href":"https:\/\/enguru.org.tr\/index.php\/wp-json\/wp\/v2\/pages\/687","targetHints":{"allow":["GET"]}}],"collection":[{"href":"https:\/\/enguru.org.tr\/index.php\/wp-json\/wp\/v2\/pages"}],"about":[{"href":"https:\/\/enguru.org.tr\/index.php\/wp-json\/wp\/v2\/types\/page"}],"author":[{"embeddable":true,"href":"https:\/\/enguru.org.tr\/index.php\/wp-json\/wp\/v2\/users\/2"}],"replies":[{"embeddable":true,"href":"https:\/\/enguru.org.tr\/index.php\/wp-json\/wp\/v2\/comments?post=687"}],"version-history":[{"count":0,"href":"https:\/\/enguru.org.tr\/index.php\/wp-json\/wp\/v2\/pages\/687\/revisions"}],"wp:attachment":[{"href":"https:\/\/enguru.org.tr\/index.php\/wp-json\/wp\/v2\/media?parent=687"}],"curies":[{"name":"wp","href":"https:\/\/api.w.org\/{rel}","templated":true}]}}