{"id":72,"date":"2016-09-20T22:35:35","date_gmt":"2016-09-20T19:35:35","guid":{"rendered":"http:\/\/localhost\/enguru\/?page_id=72"},"modified":"2016-09-20T22:35:35","modified_gmt":"2016-09-20T19:35:35","slug":"uyelerimiz","status":"publish","type":"page","link":"https:\/\/enguru.org.tr\/index.php\/enguru\/uyelerimiz\/","title":{"rendered":"Onur \u00dcyeleri"},"content":{"rendered":"<p><strong>Al\u00e2eddin YAVA\u015e\u00c7A<\/strong><\/p>\n<p><img loading=\"lazy\" decoding=\"async\" class=\"size-medium wp-image-424 alignleft\" src=\"http:\/\/enguru.org.tr\/wp-content\/uploads\/2016\/11\/alaaddin-204x300.jpg\" alt=\"alaaddin\" width=\"204\" height=\"300\" \/>1 Mart 1926 y\u0131l\u0131nda Kilis&#8217;te do\u011fmu\u015f olan Al\u00e2eddin Yava\u015fca, sanatla i\u00e7 i\u00e7e bir ailenin \u00e7ocu\u011fu olan Al\u00e2eddin Yava\u015fca, evlerinden hi\u00e7 eksik olmayan zaman\u0131n T\u00fcrk M\u00fczi\u011fi plaklar\u0131n\u0131 dinleyerek b\u00fcy\u00fcm\u00fc\u015ft\u00fcr. \u0130lk m\u00fczik \u00e7al\u0131\u015fmas\u0131na ilkokul s\u0131ralar\u0131nda Zeki \u00c7elikalp&#8217;den Bat\u0131 M\u00fczi\u011fi keman dersleri alarak ba\u015flam\u0131\u015f, notay\u0131 da bu y\u0131llarda \u00f6\u011frenmi\u015ftir. Kendisinin T\u00fcrk M\u00fbsik\u00eesiyle ciddi anlamda tan\u0131\u015fmas\u0131, \u0130stanbul Erkek Lisesi&#8217;nde \u00f6\u011frenim g\u00f6rd\u00fc\u011f\u00fc y\u0131llara rastlar. Artaki Candan&#8217;dan ald\u0131\u011f\u0131 kanun dersleri ve lise edebiyat hocas\u0131 Hakk\u0131 S\u00fcha Gezgin&#8217;in evindeki fas\u0131llara hanende olarak kat\u0131lmas\u0131 m\u00fbsik\u00ee hayat\u0131na att\u0131\u011f\u0131 en \u00f6nemli ad\u0131mlard\u0131r. T\u0131p Fak\u00fcltesi y\u0131llar\u0131nda \u00dcniversite Korosu \u00e7al\u0131\u015fmalar\u0131 ve koronun solistli\u011fini yapmas\u0131, kendisine radyonun kap\u0131lar\u0131n\u0131 da aralam\u0131\u015ft\u0131r. 1950 y\u0131l\u0131nda radyo sanat\u00e7\u0131l\u0131\u011f\u0131 imtihan\u0131n\u0131 kazan\u0131p, \u0130stanbul Radyosu ailesine kat\u0131lm\u0131\u015ft\u0131r. Al\u00e2eddin Yava\u015fca, \u00fc\u00e7 \u00f6nemli m\u00fbs\u0131k\u00eesina\u015ftan me\u015fk etmis ve T\u00fcrk M\u00fbs\u0131k\u00eesinin inceliklerini \u00f6\u011frenerek kendisini yeti\u015ftirmi\u015ftir: S\u00e2deddin Kaynak, Zeki \u00c2rif Ataergin ve M\u00fcnir Nurettin Sel\u00e7uk. Bunlar\u0131n yan\u0131 s\u0131ra; Dr. Suphi Ezgi, Mes&#8217;ud Cemil, Refik Fersan, Nuri Halil Poyraz, Suphi Ziya \u00d6zbekkan, Cevdet \u00c7a\u011fla, Fehmi Tokay, H\u00fcseyin S\u00e2dettin Arel, Ekrem Karadeniz, Fikret Kutlu\u011f&#8217;dan da \u00f6nemli \u00f6l\u00e7\u00fcde yararlanm\u0131\u015ft\u0131r.<\/p>\n<p>\u0130lk eserini 1951 y\u0131l\u0131nda bestelemi\u015f olan Al\u00e2eddin Yava\u015fca&#8217;n\u0131n dini ve din d\u0131\u015f\u0131, saz ve s\u00f6z eseri olarak d\u00f6rt y\u00fcz elli&#8217;yi a\u015fk\u0131n bestesi vard\u0131r. Ayin-i \u015eeriften, \u00e7ocuk \u015fark\u0131s\u0131na uzanan geni\u015f bir bestek\u00e2rl\u0131k yelpazesine sahiptir.<\/p>\n<p>1967 y\u0131l\u0131ndan bu yana \u00e7e\u015fitli korolar\u0131 y\u00f6neterek \u015feflik konusunda da hizmetlerine aral\u0131ks\u0131z devam etmi\u015ftir. Al\u00e2eddin Yava\u015fca, 1966&#8217;dan ba\u015flayarak hocal\u0131k g\u00f6reviyle de T\u00fcrk M\u00fbsik\u00eesine katk\u0131da bulunmu\u015f, pek \u00e7ok radyo sanat\u00e7\u0131s\u0131n\u0131n yeti\u015fmesine vesile olmu\u015ftur. 1976 y\u0131l\u0131nda kurulan ve e\u011fitim vermeye ba\u015flayan T\u00fcrk M\u00fczi\u011fi Devlet Konservatuar\u0131nda \u00f6\u011fretim \u00fcyeli\u011fi ve Ses B\u00f6l\u00fcm\u00fc Ba\u015fkanl\u0131\u011f\u0131 da yapm\u0131\u015f olup, Konservatuardaki e\u011fiticilik g\u00f6revi devam etmektedir.<\/p>\n<p>26 Mart 1980&#8217;de Ayten Yava\u015fca ile hayat\u0131n\u0131 birle\u015ftirmi\u015f olan Al\u00e2eddin Yava\u015fca, Y\u00fcksek \u00d6\u011fretim Kurulu taraf\u0131ndan 1990 y\u0131l\u0131nda M\u00fczik-Ses E\u011fitimi Ana Sanat Dal\u0131 Profes\u00f6rl\u00fc\u011f\u00fc&#8217;ne atanm\u0131\u015f, 1991 y\u0131l\u0131nda da Devlet Sanat\u00e7\u0131s\u0131 unvan\u0131 alm\u0131\u015ft\u0131r. T\u00fcrkiye Yazarlar Birli\u011fi 1993&#8217;de kendisini y\u0131l\u0131n \u201cK\u00fclt\u00fcr Adam\u0131\u201d se\u00e7mi\u015f, ayn\u0131 y\u0131l i\u00e7erisinde Gaziantep \u00dcniversitesi de &#8220;Fahri Doktorluk&#8221; unvan\u0131 vermi\u015ftir. Milli E\u011fitim Bakanl\u0131\u011f\u0131 &#8220;T\u00fcrk M\u00fbsik\u00eesi Ara\u015ft\u0131rma ve De\u011ferlendirme Komisyonu&#8221;, K\u00fclt\u00fcr Bakanl\u0131\u011f\u0131 &#8220;T\u00fcrk M\u00fbsik\u00eesi Kurulu&#8221; ve Devlet Pl\u00e2nlama Te\u015fkilat\u0131 &#8220;5. Be\u015f Y\u0131ll\u0131k T\u00fcrk M\u00fbsik\u00eesi E\u011fitimi Komisyonu&#8221; \u00e7al\u0131\u015fmalar\u0131na da kat\u0131lm\u0131\u015ft\u0131r. Al\u00e2eddin Yava\u015fca TRT T\u00fcrk Sanat M\u00fczi\u011fi Repertuar Kurulu&#8217;ndaki g\u00f6revine devam etmekte olup, zaman zaman solistlik ve koro \u015fefli\u011fi de yapmaktad\u0131r.<\/p>\n<p><strong>Avni ANIL<\/strong><\/p>\n<p><img loading=\"lazy\" decoding=\"async\" class=\" wp-image-389 alignright\" src=\"http:\/\/enguru.org.tr\/wp-content\/uploads\/2016\/11\/avnianil-292x300.jpg\" alt=\"avnianil\" width=\"208\" height=\"214\" \/>1928 y\u0131l\u0131nda \u00dcsk\u00fcdar Selimiye\u2019de do\u011fan Avni An\u0131l, T\u00fcrk m\u00fczi\u011finin en k\u0131ymetli bestek\u00e2rlar\u0131ndand\u0131r. \u0130lk bestesini 1951 y\u0131l\u0131nda yapan An\u0131l, 55 y\u0131lda pek \u00e7ok unutulmaz besteye imza atm\u0131\u015ft\u0131r. M\u00fczik e\u011fitimine \u00dcsk\u00fcdar Halkevi\u2019nde 1943 y\u0131l\u0131nda ba\u015flayan \u00fcnl\u00fc bestek\u00e2r, ilk derslerini Emin Ongan\u2019dan alm\u0131\u015ft\u0131r. \u201cM\u00fbsik\u00ee S\u00f6zl\u00fc\u011f\u00fc\u201d ad\u0131 alt\u0131nda d\u00f6rt ciltlik eserinde m\u00fbsik\u00ee tarihi i\u00e7in \u00f6nemli hat\u0131ralar yay\u0131mlayan Avni An\u0131l, \u201cM\u00fbsik\u00ee ve Nota\u201d dergisini \u00e7\u0131karm\u0131\u015ft\u0131r.<\/p>\n<p>\u015eark\u0131lar\u0131ndan bir\u00e7o\u011fu, son 50 y\u0131l\u0131n en sevilen \u015fark\u0131lar\u0131 aras\u0131nda olan Avni An\u0131l\u2019\u0131n unutulmayan bestelerinden baz\u0131lar\u0131:<\/p>\n<p>&#8220;Biraz K\u00fcl Biraz Duman&#8221;, \u201cA\u011fla Gitar&#8221;, &#8220;A\u015fk Bu De\u011fil Yapma G\u00fczel&#8221;, &#8220;Ak\u015fam\u0131n Oldu\u011fu Yerde Bekle Diyorsun&#8221;, \u201cG\u00f6zlerin Bir A\u015fk Bilmecesi Sorar Gibi\u201d, \u201cMihr\u00e2b\u0131m Diyerek Sana Y\u00fcz Vurdum\u201d, \u201cKaderimde Hep G\u00fczeli Arad\u0131m\u201d, \u201c\u00d6yle Dudak B\u00fck\u00fcp Hor G\u00f6zle Bakma\u201d \u201cDil\u015f\u00e2d Olacak Diye Ka\u00e7 Y\u0131l Avuttu Felek\u201d, \u201cBir Peri Masal\u0131 Kulaklar\u0131na\u201d, \u201cG\u00fcn Be G\u00fcn Ya\u015fanan O Hat\u0131ray\u0131 Unutup Bir Yana Atmak Olmaz ki\u201d&#8230;<\/p>\n<p>\u201cM\u00fbsik\u00ee S\u00f6zl\u00fc\u011f\u00fc\u201d ad\u0131 alt\u0131nda d\u00f6rt ciltlik eserinde m\u00fbsik\u00ee tarihi i\u00e7in \u00f6nemli hat\u0131ralar yay\u0131mlayan Avni An\u0131l, \u201cM\u00fbsik\u00ee ve Nota\u201d dergisini \u00e7\u0131karm\u0131\u015ft\u0131r. \u015eark\u0131lar\u0131ndan bir\u00e7o\u011fu, son 50 y\u0131l\u0131n en sevilen \u015fark\u0131lar\u0131 aras\u0131nda olan Avni An\u0131l\u2019\u0131n unutulmayan bestelerinden baz\u0131lar\u0131:<\/p>\n<p>&#8220;Biraz K\u00fcl Biraz Duman&#8221;, \u201cA\u011fla Gitar&#8221;, &#8220;A\u015fk Bu De\u011fil Yapma G\u00fczel&#8221;, &#8220;Ak\u015fam\u0131n Oldu\u011fu Yerde Bekle Diyorsun&#8221;, \u201cG\u00f6zlerin Bir A\u015fk Bilmecesi Sorar Gibi\u201d, \u201cMihr\u00e2b\u0131m Diyerek Sana Y\u00fcz Vurdum\u201d, \u201cKaderimde Hep G\u00fczeli Arad\u0131m\u201d, \u201c\u00d6yle Dudak B\u00fck\u00fcp Hor G\u00f6zle Bakma\u201d \u201cDil\u015f\u00e2d Olacak Diye Ka\u00e7 Y\u0131l Avuttu Felek\u201d, \u201cBir Peri Masal\u0131 Kulaklar\u0131na\u201d, \u201cG\u00fcn Be G\u00fcn Ya\u015fanan O Hat\u0131ray\u0131 Unutup Bir Yana Atmak Olmaz ki\u201d&#8230;<\/p>\n<p><strong>Dr. Selahattin \u0130\u00c7L\u0130<\/strong><\/p>\n<p><img loading=\"lazy\" decoding=\"async\" class=\"alignleft size-full wp-image-1097\" src=\"http:\/\/enguru.org.tr\/wp-content\/uploads\/2017\/10\/selahattinicli.jpg\" alt=\"selahattinicli\" width=\"194\" height=\"259\" \/>6 Ekim 1923 tarihinde Babas\u0131 \u0130brahim \u0130\u00e7li ve annesi Zekiye \u0130\u00e7li\u2019nin \u00fc\u00e7 \u00e7ocu\u011funun en b\u00fcy\u00fc\u011f\u00fc olarak \u0130stanbul Be\u015fikta\u015f\u2019ta do\u011fmu\u015ftur. Nimet ve \u00dcmran ad\u0131nda iki k\u0131zkarde\u015fi vard\u0131r. 1927 y\u0131l\u0131nda Babas\u0131n\u0131n Susurluk Borasit Madeni\u2019nde g\u00f6rev almas\u0131yla, ilkokulu Susurluk\u2019ta, Ortaokulu ve Liseyi Bal\u0131kesir\u2019de yat\u0131l\u0131 olarak okudu. Bestek\u00e2r \u015eerif \u0130\u00e7li, babas\u0131n\u0131n amca o\u011fludur.\u00a01949 y\u0131l\u0131nda \u0130stanbul T\u0131p Fak\u00fcltesi\u2019ni bitirdi. 1950 y\u0131l\u0131nda askerli\u011fini \u00c7ank\u0131r\u0131 Piyade At\u0131\u015f Okulu tabibi olarak yapt\u0131.<\/p>\n<p>Askerlik sonras\u0131 1953 y\u0131l\u0131na kadar \u0130stanbul\u2019da \u00f6zel bir hastanede ve bir \u015firkette \u00e7al\u0131\u015ft\u0131. Daha sonra Susurluk Belediye Tabibi, Susurluk \u015eeker Fabrikas\u0131 Tabibi ve Borasit Madeni Tabibi olarak 1961 y\u0131l\u0131na kadar Bal\u0131kesir\u2019de bulundu. 1961 y\u0131l\u0131nda tekrar \u0130stanbul\u2019a yerle\u015ferek bir m\u00fcddet \u00f6zel sekt\u00f6rde \u00e7al\u0131\u015ft\u0131ktan sonra, 1967 y\u0131l\u0131nda Sosyal Sigortalar Kurumu \u0130stanbul Hastanesi\u2019nde g\u00f6rev ald\u0131. 1981 y\u0131l\u0131nda bu hastanede Ba\u015fhekim Yard\u0131mc\u0131l\u0131\u011f\u0131 vazifesinden ayr\u0131larak \u0130stanbul Devlet T\u00fcrk Musikisi Konservatuar\u0131\u2019nda sanat\u00e7\u0131 \u00f6\u011fretim g\u00f6revlisi ve ba\u015fkan yard\u0131mc\u0131s\u0131 oldu. Konservatuar\u2019\u0131n \u0130stanbul Teknik \u00dcniversitesine ba\u011flanmas\u0131 \u00fczerine 1986 y\u0131l\u0131nda Profes\u00f6r unvan\u0131 alan \u0130\u00e7li, Komposizyon B\u00f6l\u00fcm\u00fc Ba\u015fkanl\u0131\u011f\u0131na tayin edildi. Ya\u015f haddinden emekliye ayr\u0131ld\u0131\u011f\u0131 g\u00fcne kadar bu g\u00f6revi s\u00fcrd\u00fcren \u0130\u00e7li, emeklili\u011fi sonras\u0131nda konservatuardaki hocal\u0131\u011f\u0131na devam etti ve \u00f6mr\u00fcn\u00fcn sonuna kadar bu g\u00f6revini s\u00fcrd\u00fcrd\u00fc.<\/p>\n<p>Babas\u0131n\u0131n m\u00fczi\u011fe olan al\u00e2kas\u0131 sebebiyle, o\u011flu Selahattin\u2019in kula\u011f\u0131 daha \u00e7ocukluk ya\u015flar\u0131ndan itibaren T\u00fcrk M\u00fbs\u0131k\u00eesi\u2019nin kl\u00e2sik ve g\u00fcncel eserleriyle doldu. 12-13 ya\u015flar\u0131nda usulleri, makamlar\u0131 \u00f6\u011frenmi\u015fti. B\u00f6ylece; ilk gen\u00e7lik y\u0131llar\u0131nda kendisini bestek\u00e2rl\u0131\u011fa g\u00f6t\u00fcrecek \u00f6nemli temel unsur say\u0131labilecek olduk\u00e7a geni\u015f bir repertuara sahip olmu\u015ftur. Lise \u00f6\u011frenimi s\u0131ras\u0131nda m\u00fczi\u011fin bir\u00e7ok bilgilerine hen\u00fcz yeteri kadar sahip olmamakla birlikte, baz\u0131 beste denemeleri yapan \u0130\u00e7li, 17 ya\u015f\u0131na gelince ilk bestesini yapm\u0131\u015f ve bu beste Ankara Radyosu\u2019nun en \u00e7ok \u00e7al\u0131nan par\u00e7alar\u0131ndan biri olmu\u015f o y\u0131llarda.<\/p>\n<p>1942 y\u0131l\u0131nda b\u00fcy\u00fck hayranl\u0131k duydu\u011fu ve babas\u0131n\u0131n da yak\u0131n arkada\u015f\u0131 olan Selahattin P\u0131nar\u2019la tan\u0131\u015ft\u0131. \u00dcniversite \u00f6\u011frenimi, T\u0131p Fak\u00fcltesindeki derslerinin yan\u0131 s\u0131ra, Selahattin \u0130\u00e7li\u2019nin m\u00fbs\u0131k\u00ee \u00fczerinde yo\u011fun olarak \u00e7al\u0131\u015ft\u0131\u011f\u0131 bir e\u011fitim devresi oldu. 1943 y\u0131l\u0131nda kuruldu\u011fu y\u0131ldan itibaren on y\u0131l kadar \u0130stanbul \u00dcniversitesi Korosu\u2019nda bulundu ve Kanuni Ekrem Karadeniz\u2019in \u00f6zel derslerine devam etti. Bu d\u00f6nemde, bir\u00e7ok m\u00fczik \u00e7al\u0131\u015fmalar\u0131na ve konserlere sesi ve udu ile de kat\u0131ld\u0131.<\/p>\n<p>Selahattin \u0130\u00e7li; 20. y\u00fczy\u0131l\u0131n ilk yar\u0131s\u0131nda, klasik ekolde m\u00fczik yap\u0131lan, me\u015fk edilen ve bestelenen bir ortam\u0131n i\u00e7inde yeti\u015fmesine ra\u011fmen, bu \u00fcsl\u00fbpta eser vermekten ka\u00e7\u0131nm\u0131\u015ft\u0131r. T\u00fcrk M\u00fczi\u011fi\u2019ndeki kl\u00e2sik de\u011fer ve kurallara ba\u011fl\u0131l\u0131\u011f\u0131n\u0131 korumak suretiyle onlar\u0131 yeni bir bak\u0131\u015f a\u00e7\u0131s\u0131 ve anlay\u0131\u015fla kendi \u00fcsl\u00fbbuna uyarlayan \u0130\u00e7li\u2019nin, tav\u0131r ve \u00fcsl\u00fbbunda \u0131srarl\u0131 ve kararl\u0131 olmas\u0131 altyap\u0131s\u0131n\u0131n kuvvetli olmas\u0131ndan gelmektedir.<\/p>\n<p>Sa\u011flam bir repertuar, m\u00fczik bilgisi ve iyi bir e\u011fitimin verdi\u011fi cesaretle yenilik\u00e7i \u00fcsl\u00fbbunda \u0131srarl\u0131 olmay\u0131 bilmi\u015ftir. \u0130\u00e7li\u2019nin farkl\u0131 ve yenilik\u00e7i tavr\u0131 bir d\u00f6nem tepkiyle kar\u015f\u0131lanm\u0131\u015f, eserleri statik anlay\u0131\u015ftaki ilgililerin ve \u00f6zellikle devlet kurumlar\u0131n\u0131n olumsuz ele\u015ftirilerine maruz kalm\u0131\u015ft\u0131r.<\/p>\n<p>Selahattin \u0130\u00e7li, 1955 y\u0131l\u0131nda P\u0131nar Atasay ile evlendi. Murad (d.1958) ad\u0131nda bir o\u011flu vard\u0131r.<\/p>\n<p>Selahattin \u0130\u00e7li, 1998 y\u0131l\u0131nda \u201cDevlet Sanat\u00e7\u0131s\u0131\u201d olmu\u015f, 14 Ekim 2006 g\u00fcn\u00fc \u0130stanbul\u2019da 83 ya\u015f\u0131nda vefat etti.<\/p>\n<p>\u201cZeytin G\u00f6zl\u00fcm\u201d, \u201cG\u00fcl A\u00e7\u0131ls\u0131n Duda\u011f\u0131nda G\u00fcl\u00fcver\u201d, \u201cH\u00fcz\u00fcn Zaman Zaman Deli Dalgalarla Gelir\u201d, \u201cAyr\u0131l\u0131k Var \u00c7\u0131kan Falda\u201d, \u201c\u2019Bitmez t\u00fckenmez bu dert\u201d, \u201cBir sabah bakacaks\u0131n ki bir tanem\u201d, \u201cHo\u015f geldin\u201d gibi eserlerin sahibidir. T\u0131p doktoru olan Selahattin \u0130\u00e7li\u2019nin 149 bestesi vard\u0131r.<\/p>\n<p><strong>Ahmet \u00d6ZHAN<\/strong><\/p>\n<p><img loading=\"lazy\" decoding=\"async\" class=\" wp-image-388 alignright\" src=\"http:\/\/enguru.org.tr\/wp-content\/uploads\/2016\/11\/ahmetozhan-248x300.jpg\" alt=\"ahmetozhan\" width=\"174\" height=\"210\" \/><\/p>\n<div id=\"contentsContainer\">\n<div id=\"contents\">\n<p id=\"E8\"><span id=\"E9\" class=\"qowt-font2-TimesNewRoman\">Ger\u00e7ek\u00a0ad\u0131 Ahmet <\/span><span id=\"E11\" class=\"qowt-font2-TimesNewRoman\">Kat\u0131g\u00f6z<\/span><span id=\"E13\" class=\"qowt-font2-TimesNewRoman\">\u00a0olan Ahmet \u00d6zhan, 26 A\u011fustos\u00a01950 tarihinde babas\u0131 polis\u00a0oldu\u011fundan orada g\u00f6rev\u00a0yaparken \u015eanl\u0131urfa\u2019da do\u011fmu\u015ftur. Yine babas\u0131n\u0131n memuriyeti sebebiyle ilk\u00a0ve orta tahsilini muhtelif il ve il\u00e7elerde yapt\u0131. 1960\u2019l\u0131 y\u0131llar\u0131n sonlar\u0131nda \u0130stanbul Belediye Konservatuar\u0131 ve \u00dcsk\u00fcdar Musiki Cemiyeti\u2019nde m\u00fczik\u00a0 e\u011fitimini tamamlam\u0131\u015ft\u0131r. <\/span><\/p>\n<p id=\"E14\"><span id=\"E15\" class=\"qowt-font2-TimesNewRoman\">Ahmet \u00d6zhan, \u00dcsk\u00fcdar Musiki Cemiyeti ve \u0130stanbul Belediye Konservatuar\u0131&#8217;nda e\u011fitimini s\u00fcrd\u00fcr\u00fcrken, bir yandan da sahne ve plak\u00a0\u00e7al\u0131\u015fmalar\u0131 yapt\u0131. \u0130lk\u00a0profesyonel sahne deneyimi 1968 y\u0131l\u0131nda <\/span><span id=\"E16\" class=\"qowt-font2-TimesNewRoman\">Bebek\u00a0 belediye gazinosunda <\/span><span id=\"E17\" class=\"qowt-font2-TimesNewRoman\">yapm\u0131\u015ft\u0131r. Gen\u00e7\u00a0 ya\u015fta sahneye \u00e7\u0131kan Ahmet \u00d6zhan 1970\u2019li ve 1980\u2019li y\u0131llar\u0131n pop\u00fcler T\u00fcrk\u00a0 M\u00fczi\u011fi yorumcusu olarak tan\u0131nm\u0131\u015ft\u0131r. <\/span><\/p>\n<p id=\"E18\"><span id=\"E19\" class=\"qowt-font2-TimesNewRoman\">Plak\u00a0\u00e7al\u0131\u015fmalar\u0131n\u0131n yan\u0131 s\u0131ra, sinema filmleri, televizyon dizi ve konserleri, radyo \u00e7al\u0131\u015fmalar\u0131 ile \u00e7e\u015fitli televizyon kanallar\u0131n\u0131n m\u00fczik\u00a0 programlar\u0131nda yorumcu, programc\u0131 ve y\u00f6netmen olarak\u00a0da g\u00f6revler alm\u0131\u015ft\u0131r. <\/span><span id=\"E20\" class=\"qowt-font2-TimesNewRoman\">\u00c7ok say\u0131da<\/span><span id=\"E21\" class=\"qowt-font2-TimesNewRoman\">\u00a045\u2019lik plak, longplay, kaset, CD \u00e7al\u0131\u015fmalar\u0131 bulunmaktad\u0131r. <\/span><\/p>\n<p id=\"E22\"><span id=\"E23\" class=\"qowt-font2-TimesNewRoman\">S<\/span><span id=\"E24\" class=\"qowt-font2-TimesNewRoman\">ahne ve plak \u00e7al\u0131\u015fmalar\u0131yla devam ettirdi\u011fi m\u00fczik\u00a0 hayat\u0131 1981 y\u0131l\u0131ndan beri \u0130stanbul Radyosu<\/span><span id=\"E25\" class=\"qowt-font2-TimesNewRoman\">\u2019<\/span><span id=\"E26\" class=\"qowt-font2-TimesNewRoman\">ndaki g\u00f6revi ile s\u00fcrmekte iken, 1991 de kurulan K\u00fclt\u00fcr Bakanl\u0131\u011f\u0131 \u0130stanbul Tarihi T\u00fcrk\u00a0 M\u00fczi\u011fi Toplulu\u011fu&#8217;nun kurucusu ve genel y\u00f6netmeni olan Ahmet \u00d6zhan, kl<\/span><span id=\"E27\" class=\"qowt-font2-TimesNewRoman\">\u00e2<\/span><span id=\"E28\" class=\"qowt-font2-TimesNewRoman\">sik\u00a0 ve tasavvuf m\u00fczi\u011fi alan\u0131nda en iyi solistler aras\u0131nda yer almaktad\u0131r. Topluluk\u00a0\u00e7al\u0131\u015fmalar\u0131n\u0131 Konya Mevlana <\/span><span id=\"E30\" class=\"qowt-font2-TimesNewRoman\">\u0130htifalleri&#8217;nin<\/span><span id=\"E32\" class=\"qowt-font2-TimesNewRoman\"> yan\u0131s\u0131ra, \u0130stanbul Festivali gibi etkinliklerde verdi\u011fi kl<\/span><span id=\"E33\" class=\"qowt-font2-TimesNewRoman\">\u00e2<\/span><span id=\"E34\" class=\"qowt-font2-TimesNewRoman\">sik\u00a0 ve tasavvuf m\u00fczi\u011fi konserleriyle s\u00fcrd\u00fcrmektedir.<\/span><\/p>\n<p id=\"E36\"><span id=\"E37\" class=\"qowt-font2-TimesNewRoman\">1980 y\u0131l\u0131ndan beri i\u015ftirak\u00a0etti\u011fi Konya Mevl\u00e2n\u00e2 \u0130htifalleri, 1984&#8243;den beri yer ald\u0131\u011f\u0131 \u0130stanbul Festivali ile G\u00fcldeste isimli kl<\/span><span id=\"E38\" class=\"qowt-font2-TimesNewRoman\">\u00e2<\/span><span id=\"E39\" class=\"qowt-font2-TimesNewRoman\">sik\u00a0 ve tasavvuf m\u00fczi\u011fi konserleri ve Tokyodan San Francisco<\/span><span id=\"E40\" class=\"qowt-font2-TimesNewRoman\">\u2019<\/span><span id=\"E41\" class=\"qowt-font2-TimesNewRoman\">ya kadar <\/span><span id=\"E43\" class=\"qowt-font2-TimesNewRoman\">pek\u00e7ok<\/span><span id=\"E45\" class=\"qowt-font2-TimesNewRoman\">\u00a0yurtd\u0131\u015f\u0131 ve say\u0131s\u0131z\u00a0yurti\u00e7i konserleri ile m\u00fczik\u00a0birikimlerini s<\/span><span class=\"qowt-font2-TimesNewRoman\">anatseverlere sun<\/span><span id=\"E46\" class=\"qowt-font2-TimesNewRoman\">maya devam etmektedir.<\/span><\/p>\n<\/div>\n<\/div>\n<p><strong>\u00c7i\u011fdem YARKIN<\/strong><\/p>\n<p><img loading=\"lazy\" decoding=\"async\" class=\"size-medium wp-image-423 alignleft\" src=\"http:\/\/enguru.org.tr\/wp-content\/uploads\/2016\/11\/cigdem_yarkin-221x300.jpg\" alt=\"cigdem_yarkin\" width=\"221\" height=\"300\" \/>1973 y\u0131l\u0131nda Giresun\u2019da do\u011fdu. \u0130lk, orta ve lise tahsilini bu ilde tamamlad\u0131. 1991 y\u0131l\u0131nda Giresun M\u00fbs\u0131k\u00ee Cemiyeti\u2019nde Semih Hattato\u011flu ile repertuar \u00e7al\u0131\u015ft\u0131. Ayn\u0131 y\u0131l TRT\u2019nin a\u00e7t\u0131\u011f\u0131 amat\u00f6r ses yar\u0131\u015fmas\u0131nda Karadeniz B\u00f6lgesi birincisi oldu. 1993 y\u0131l\u0131nda \u0130T\u00dc T\u00fcrk M\u00fbs\u0131k\u00eesi Devlet Konservatuar\u0131 Ses E\u011fitimi B\u00f6l\u00fcm\u00fc\u2019n\u00fc kazanarak m\u00fczik e\u011fitimine ba\u015flayan sanat\u00e7\u0131, Bekir S\u0131tk\u0131 Sezgin, Al\u00e2eddin Yava\u015fca, Rahmi S\u00f6nmezocak ile \u00fcsl\u00fbp ve repertuar; T\u00fclin Yakar\u00e7elik ve \u015eehnaz U\u011furel ile solfej ve repervuar; G\u00fcher G\u00fcney ile \u015fan \u00e7al\u0131\u015ft\u0131.<\/p>\n<p>1996 y\u0131l\u0131nda TRT\u2019nin a\u00e7t\u0131\u011f\u0131 \u201d\u0130stisn\u00e2 Akitli Ses Sanat\u00e7\u0131s\u0131\u201d s\u0131nav\u0131n\u0131 kazanarak \u0130stanbul Radyosu\u2019nda ses sanat\u00e7\u0131s\u0131 olarak g\u00f6reve ba\u015flad\u0131.<\/p>\n<p>1998 y\u0131l\u0131nda \u0130T\u00dc T\u00fcrk M\u00fbs\u0131k\u00eesi Devlet Konservatuar\u0131\u2019ndan mezun oldu.<\/p>\n<p>T\u00fcrk m\u00fczi\u011fine hizmet ama\u00e7l\u0131 \u201cBir \u015eark\u0131d\u0131r Ya\u015famak\u201d adl\u0131 CD \u00e7al\u0131\u015fmalar\u0131nda solist olarak yer ald\u0131. \u201cM\u00e2ver\u00e2\u201d isimli Ankaral\u0131 Kl\u00e2sik T\u00fcrk M\u00fczi\u011fi Toplulu\u011fu ile 2000 y\u0131l\u0131nda ABD\u2019de \u201cDede Efendi\u201d nin eserlerinden, 2001 y\u0131l\u0131nda da Hacettepe \u00dcniversitesi\u2019nde kl\u00e2sik eserlerden olu\u015fan konserler verdi. Yine 2001 y\u0131l\u0131nda \u201cCan\u0131mdan Nefesler\u201d adl\u0131 bir CD yapt\u0131. Yark\u0131n Toplulu\u011fu Projesi kapsam\u0131nda Hollanda\u2019da \u201cBirlikte Ya\u015fayal\u0131m\u201d adl\u0131 konserlere solist olarak kat\u0131ld\u0131.<\/p>\n<p>Halen TRT \u0130stanbul Radyosu\u2019nda ses sanat\u00e7\u0131s\u0131 olarak g\u00f6revine devam etmektedir. Evli ve bir \u00e7ocuk annesidir.<\/p>\n<p><strong>Prof Dr. Erol BELG\u0130N<\/strong><\/p>\n<p><img loading=\"lazy\" decoding=\"async\" class=\" wp-image-395 alignright\" src=\"http:\/\/enguru.org.tr\/wp-content\/uploads\/2016\/11\/erol_belgin-236x300.jpg\" alt=\"erol_belgin\" width=\"160\" height=\"203\" \/><\/p>\n<p>1947 Konya do\u011fumlu. \u0130lk-Orta-Lise Tahsilini Konya\u2019da tamamlad\u0131. 1968 y\u0131l\u0131nda Hacettepe T\u0131p ve Sa\u011fl\u0131k Bilimleri Fak\u00fcltesi Temel T\u0131p Bilimleri T\u0131bb\u0131 Teknoloji B\u00f6l\u00fcm\u00fcn\u00fc bitirdi. Ayn\u0131 y\u0131l Kulak Burun Bo\u011faz Anabilim Dal\u0131\u2019nda Odyoloji asistan\u0131 olarak g\u00f6reve ba\u015flad\u0131. 1971 y\u0131l\u0131nda Odyoloji ve Konu\u015fma Bozukluklar\u0131 alan\u0131nda Bilim Uzmanl\u0131\u011f\u0131 1975 y\u0131l\u0131nda Doktora derecesi ald\u0131. \u0130\u015fitme, Konu\u015fma, Ses Bozukluklar\u0131, Profesyonel Ses Kullan\u0131m\u0131, \u0130\u015fitme Cihazlar\u0131, \u00d6zel E\u011fitim, G\u00fcr\u00fclt\u00fc ve \u0130nsan Sa\u011fl\u0131\u011f\u0131, vb. konularda yay\u0131nlanm\u0131\u015f 22\u2019si yabanc\u0131 dilde olmak \u00fczere toplam 133 bilimsel yay\u0131n\u0131 bulunmaktad\u0131r.<\/p>\n<p>Yurtd\u0131\u015f\u0131nda British Society of Audiology, American Tinnitus Association, International Organisation of Hard of Hearing Rehabilitation Institutions, yurt i\u00e7inde T\u00fcrk Otolaringoloji Derne\u011fi, T\u00fcrk Akustik Derne\u011fi \u00fcyesidir.<\/p>\n<p>T\u00fcrk M\u00fbs\u0131k\u00eesi Vakfi ba\u015fkan\u0131d\u0131r.<\/p>\n<p>&nbsp;<\/p>\n<p>Musiki emek \u00f6d\u00fcl\u00fc takdim edilen sanat\u00e7\u0131lar\u0131m\u0131z da Eng\u00fcr\u00fc T\u00fcrk M\u00fczi\u011fi Derne\u011fi&#8217;nin Onur \u00dcyeleri aras\u0131nda yer almaktad\u0131r:<\/p>\n<ul>\n<li><a href=\"http:\/\/enguru.org.tr\/?p=539\">Fevzi DEM\u0130RKOL<\/a><\/li>\n<li><a href=\"http:\/\/enguru.org.tr\/?p=591\">Y\u00fcksel K\u0130P<\/a><\/li>\n<li><a href=\"http:\/\/enguru.org.tr\/?p=547\">Vedat Kaptan YURDAKUL<\/a><\/li>\n<li><a href=\"http:\/\/enguru.org.tr\/?p=549\">Ahmet HAT\u0130BO\u011eLU<\/a><\/li>\n<li><a href=\"http:\/\/enguru.org.tr\/?p=550\">Ayten ZENGER<\/a><\/li>\n<li><a href=\"http:\/\/enguru.org.tr\/?p=565\">Zekai TUNCA<\/a><\/li>\n<li><a href=\"http:\/\/enguru.org.tr\/?p=568\">G\u00fcl\u00e7in YAHYA KA\u00c7AR<\/a><\/li>\n<li><a href=\"http:\/\/enguru.org.tr\/?p=572\">H\u00fcseyin ERBAY<\/a><\/li>\n<li><a href=\"http:\/\/enguru.org.tr\/?p=1052\">Kutlu PAYASLI<\/a><\/li>\n<li><a href=\"http:\/\/enguru.org.tr\/?p=1246\">Murat Salim TOKA\u00c7<\/a><\/li>\n<li><a href=\"http:\/\/enguru.org.tr\/?p=1239\">Ali \u015eENOZAN<\/a><\/li>\n<li><a href=\"http:\/\/enguru.org.tr\/?p=577\">Co\u015fkun G\u00dcLA<\/a><\/li>\n<li><a href=\"http:\/\/enguru.org.tr\/?p=580\">Erkan S\u00dcRMEN\u00a0<\/a><\/li>\n<li><a href=\"http:\/\/enguru.org.tr\/?p=584\">\u0130hsan \u00d6ZT\u00dcRK<\/a><\/li>\n<li><a href=\"http:\/\/enguru.org.tr\/?p=594\">Mehmet \u00dc\u00c7ER<\/a><\/li>\n<li><a href=\"http:\/\/enguru.org.tr\/?p=587\">G\u00fcl\u015fen KUTLU<\/a><\/li>\n<\/ul>\n","protected":false},"excerpt":{"rendered":"<p>Al\u00e2eddin YAVA\u015e\u00c7A 1 Mart 1926 y\u0131l\u0131nda Kilis&#8217;te do\u011fmu\u015f olan Al\u00e2eddin Yava\u015fca, sanatla i\u00e7 i\u00e7e bir ailenin \u00e7ocu\u011fu olan Al\u00e2eddin Yava\u015fca, evlerinden hi\u00e7 eksik olmayan zaman\u0131n T\u00fcrk M\u00fczi\u011fi plaklar\u0131n\u0131 dinleyerek b\u00fcy\u00fcm\u00fc\u015ft\u00fcr. \u0130lk m\u00fczik \u00e7al\u0131\u015fmas\u0131na ilkokul s\u0131ralar\u0131nda Zeki \u00c7elikalp&#8217;den Bat\u0131 M\u00fczi\u011fi keman dersleri alarak ba\u015flam\u0131\u015f, notay\u0131 da bu y\u0131llarda \u00f6\u011frenmi\u015ftir. Kendisinin T\u00fcrk M\u00fbsik\u00eesiyle ciddi anlamda tan\u0131\u015fmas\u0131, \u0130stanbul [&hellip;]<\/p>\n","protected":false},"author":2,"featured_media":0,"parent":65,"menu_order":0,"comment_status":"closed","ping_status":"closed","template":"","meta":{"footnotes":""},"class_list":["post-72","page","type-page","status-publish","hentry"],"_links":{"self":[{"href":"https:\/\/enguru.org.tr\/index.php\/wp-json\/wp\/v2\/pages\/72","targetHints":{"allow":["GET"]}}],"collection":[{"href":"https:\/\/enguru.org.tr\/index.php\/wp-json\/wp\/v2\/pages"}],"about":[{"href":"https:\/\/enguru.org.tr\/index.php\/wp-json\/wp\/v2\/types\/page"}],"author":[{"embeddable":true,"href":"https:\/\/enguru.org.tr\/index.php\/wp-json\/wp\/v2\/users\/2"}],"replies":[{"embeddable":true,"href":"https:\/\/enguru.org.tr\/index.php\/wp-json\/wp\/v2\/comments?post=72"}],"version-history":[{"count":0,"href":"https:\/\/enguru.org.tr\/index.php\/wp-json\/wp\/v2\/pages\/72\/revisions"}],"up":[{"embeddable":true,"href":"https:\/\/enguru.org.tr\/index.php\/wp-json\/wp\/v2\/pages\/65"}],"wp:attachment":[{"href":"https:\/\/enguru.org.tr\/index.php\/wp-json\/wp\/v2\/media?parent=72"}],"curies":[{"name":"wp","href":"https:\/\/api.w.org\/{rel}","templated":true}]}}