{"id":8,"date":"2016-09-18T00:24:33","date_gmt":"2016-09-17T21:24:33","guid":{"rendered":"http:\/\/localhost\/enguru\/?page_id=2"},"modified":"2024-09-16T11:18:06","modified_gmt":"2024-09-16T08:18:06","slug":"ornek-sayfa-2","status":"publish","type":"page","link":"https:\/\/enguru.org.tr\/index.php\/topluluklar\/ornek-sayfa-2\/","title":{"rendered":"Klasik T\u00fcrk M\u00fczi\u011fi Toplulu\u011fu"},"content":{"rendered":"\n<div class=\"wp-block-columns is-layout-flex wp-container-core-columns-is-layout-28f84493 wp-block-columns-is-layout-flex\">\n<div class=\"wp-block-column is-layout-flow wp-block-column-is-layout-flow\" style=\"flex-basis:100%\">\n<div class=\"wp-block-columns is-layout-flex wp-container-core-columns-is-layout-28f84493 wp-block-columns-is-layout-flex\">\n<div class=\"wp-block-column is-layout-flow wp-block-column-is-layout-flow\" style=\"flex-basis:100%\">\n<p>     1999 y\u0131l\u0131n\u0131n ikinci yar\u0131s\u0131nda TRT Ankara Radyosu T\u00fcrk Sanat M\u00fczi\u011fi ses sanat\u00e7\u0131s\u0131 Vedat Kaptan Yurdakul ve arkada\u015flar\u0131 taraf\u0131ndan kurulmu\u015f ve 11 Mart 2000 tarihinde Ankara\u2019da \u201cHac\u0131 Arif Bey \u00d6zel Konseri\u201d ile ilk kez sahne alm\u0131\u015ft\u0131r. Kl\u00e2sik T\u00fcrk M\u00fczi\u011fine g\u00f6n\u00fcl vermek ve onu asl\u0131na uygun icra etme gayreti i\u00e7inde olmak, toplulu\u011fa \u00fcye olmak i\u00e7in ilk ve vazge\u00e7ilemez \u015fartt\u0131r.<br><br>     Haftal\u0131k \u00e7al\u0131\u015fmalarda topluluk \u00fcyelerine solfej, nazariyat ve repertuar dersleri verilmekte ve konserlere haz\u0131rlan\u0131lmaktad\u0131r. Topluluk \u00fcyelerinin derslere devam ve duyurulan \u00e7al\u0131\u015fma kurallar\u0131na uyma mecburiyeti vard\u0131r. Repertuar derslerinde eserler notalar\u0131 ile ge\u00e7ilmektedir. Herhangi bir nedenle topluluktan ayr\u0131lan \u00fcyelerin yerine, d\u00f6nem ba\u015flar\u0131nda, topluluk \u015fefi taraf\u0131ndan yap\u0131lan ses ve kulak yeterlilik s\u0131nav\u0131 ile yeni \u00fcyeler al\u0131nmaktad\u0131r<\/p>\n\n\n\n<p><\/p>\n\n\n\n<p><\/p>\n\n\n\n<p><\/p>\n\n\n\n<h2 class=\"wp-block-heading\"><strong>HOCALARIMIZ<\/strong><\/h2>\n\n\n\n<ul class=\"wp-block-list\">\n<li><strong>Vedat Kaptan YURDAKUL<\/strong><\/li>\n<\/ul>\n\n\n\n<figure class=\"wp-block-image alignleft is-resized\"><img decoding=\"async\" src=\"https:\/\/enguru.org.tr\/wp-content\/uploads\/2016\/11\/vky_profil-300x300.jpg\" alt=\"vky_profil\" class=\"wp-image-426\" style=\"width:244px\"\/><\/figure>\n\n\n\n<p>     Ankara\u2019da do\u011fdu. Gazi E\u011fitim Enstit\u00fcs\u00fc M\u00fczik B\u00f6l\u00fcm\u00fc\u2019n\u00fc bitirdi. 1981 y\u0131l\u0131nda TRT\u2019nin a\u00e7m\u0131\u015f oldu\u011fu T\u00fcrk Sanat M\u00fczi\u011fi ve T\u00fcrk Halk M\u00fczi\u011fi ses sanat\u00e7\u0131l\u0131\u011f\u0131 s\u0131navlar\u0131na girdi. Her ikisini de kazand\u0131. Staj d\u00f6neminde Ferid S\u0131dal, Ahmet Hatipo\u011flu, Y\u00fcksel Kip, Tar\u0131k Kip, Dr. Nazmi \u00d6zalp, Metin Everes ve M\u00fcberra Yetkin\u2019in \u00f6\u011frencisi oldu. Hocas\u0131 Ferid S\u0131dal\u2019\u0131n te\u015fvikiyle T\u00fcrk Sanat M\u00fczi\u011fi\u2019ni tercih etti. 3 y\u0131l s\u00fcresince \u00e7ok say\u0131da s\u0131navdan ba\u015far\u0131l\u0131 \u00e7\u0131karak 18 arkada\u015f\u0131yla birlikte kadrolu sanat\u00e7\u0131 olarak Ankara Radyosu\u2019nda g\u00f6reve ba\u015flad\u0131. Sanat ya\u015fam\u0131n\u0131n bundan sonraki a\u015famalar\u0131nda Mustafa Erses, Bekir S\u0131tk\u0131 Sezgin, Dr. Alaeddin Yava\u015f\u00e7a ve Muzaffer \u0130lkar\u2019dan feyz ald\u0131.<br><br>     Radyo ve televizyonda \u00e7ok say\u0131da program ger\u00e7ekle\u015ftirdi. 1991\u2019de M\u00fczik Dairesi Ba\u015fkanl\u0131\u011f\u0131\u2019nda uzmanl\u0131k kadrosu ald\u0131. 1996\u2019da TRT T\u00fcrk San\u2019at M\u00fczi\u011fi Gen\u00e7lik Korosu \u015fefli\u011fine getirildi. Ayn\u0131 d\u00f6nemde Konya Sel\u00e7uk \u00dcniversitesi b\u00fcnyesinde kurulan T\u00fcrk M\u00fczi\u011fi Devlet Konservatuvar\u0131\u2019nda \u015fan ve eser icras\u0131 dersleri verdi. 1999 y\u0131l\u0131nda girdi\u011fi topluluk \u015fefli\u011fi s\u0131nav\u0131n\u0131 birincilikle bitirerek Klasik Koro \u015eefi oldu. 2003 y\u0131l\u0131ndan itibaren uzunca bir s\u00fcre Denetim ve Repertuar Kurulu \u00fcyeli\u011fi yapt\u0131.<br><br>     G\u00fcn\u00fcm\u00fczde \u015fef ve ses sanat\u00e7\u0131l\u0131\u011f\u0131n\u0131n yan\u0131 s\u0131ra, TRT\u2019de \u201cYeni Eserler Kabul Kurulu\u201dnda g\u00f6rev yaparken, Eng\u00fcr\u00fc Terenn\u00fcm Klasik T\u00fcrk M\u00fczi\u011fi Toplulu\u011fu da dahil \u00e7ok say\u0131da koroda e\u011fitmen ve \u015fef olarak m\u00fczi\u011fimize hizmet vermektedir. Hacettepe \u00dcniversitesi Se\u00e7meli Dersler Koordinat\u00f6rl\u00fc\u011f\u00fc\u2019nde Klasik T\u00fcrk M\u00fczi\u011fi derslerine girmektedir.<br><br>     Eng\u00fcr\u00fc T\u00fcrk M\u00fczi\u011fi Derne\u011fi\u2019nin kurucusu ve onursal ba\u015fkan\u0131 olan sanat\u00e7\u0131 evlidir ve kendisi gibi m\u00fczisyen olan bir o\u011flu ve k\u0131z\u0131 vard\u0131r.<br><\/p>\n\n\n\n<ul class=\"wp-block-list\">\n<li><strong>Fevzi DEM\u0130RKOL<\/strong><\/li>\n<\/ul>\n\n\n\n<figure class=\"wp-block-image alignleft is-resized\"><img decoding=\"async\" src=\"https:\/\/enguru.org.tr\/wp-content\/uploads\/2016\/11\/fevzi_demirkol.jpg\" alt=\"fevzi_demirkol\" class=\"wp-image-429\" style=\"object-fit:cover;width:244px;height:auto\"\/><\/figure>\n\n\n\n<p>     Birinci D\u00fcnya Sava\u015f\u0131\u2019ndan sonra Rumeli\u2019den gelip Isparta\u2019ya yerle\u015fen kalabal\u0131k bir ailenin son ferdi olarak 1932 y\u0131l\u0131nda Isparta\u2019da d\u00fcnyaya geldi. \u0130lk ve orta \u00f6\u011frenimini bu ilde, lise \u00f6\u011frenimini Antalya\u2019da tamamlad\u0131ktan sonra 1951 y\u0131l\u0131nda \u00fcniversite \u00f6\u011frenimi i\u00e7in Ankara\u2019ya geldi.<\/p>\n\n\n\n<p>     \u00dcniversite \u00f6\u011freniminden sonra \u00e7e\u015fitli illerde \u00f6\u011fretmenlik yapt\u0131 ve y\u00f6neticilik g\u00f6revlerinde bulundu. 1968 y\u0131l\u0131nda Ankara\u2019ya, Mill\u00ee E\u011fitim Bakanl\u0131\u011f\u0131\u2019na tayin oldu ve bakanl\u0131k b\u00fcnyesinde m\u00fcfetti\u015flik, ba\u015fm\u00fcfetti\u015flik g\u00f6revlerinden sonra devlet hizmetini genel m\u00fcd\u00fcr olarak s\u00fcrd\u00fcrd\u00fc ve emekli oldu.<\/p>\n\n\n\n<p>     Demirkol\u2019un, m\u00fbs\u0131k\u00eeye ilgisi k\u00fc\u00e7\u00fck ya\u015flarda ba\u015flam\u0131\u015f ve gittik\u00e7e artan bu sevgi b\u00fct\u00fcn ya\u015fam\u0131nda i\u00e7 i\u00e7e olmu\u015ftur. M\u00fczi\u011fe ilgisi lise s\u0131ralar\u0131nda \u00f6\u011fretmenleri taraf\u0131ndan da fark edilerek, takip edilmi\u015ftir.<\/p>\n\n\n\n<p>     \u0130lk ciddi m\u00fczik \u00e7al\u0131\u015fmalar\u0131na 1951 y\u0131l\u0131nda \u00f6\u011frenim i\u00e7in Ankara\u2019ya geldi\u011finde Merhum bestek\u00e2r ve ses sanat\u00e7\u0131s\u0131 Sadi Ho\u015fses\u2019le ba\u015flam\u0131\u015f, daha sonra Mustafa Sa\u011fya\u015far, Fehmi Tokay ve Necdet Varol\u2019dan dersler alarak bilgilerini sa\u011flam temeller \u00fczerine oturtmu\u015ftur.<\/p>\n\n\n\n<p>     O d\u00f6nemde akademik bir \u00e7al\u0131\u015fma ortam\u0131 olarak de\u011ferlendirilen bestek\u00e2r-m\u00fczikolog \u0130smail Baha S\u00fcrelsan\u2019\u0131n evindeki m\u00fbs\u0131k\u00ee \u00e7al\u0131\u015fmalar\u0131na kat\u0131lm\u0131\u015ft\u0131r.<\/p>\n\n\n\n<p>     1960\u2019l\u0131 y\u0131llarda Ankara Kl\u00e2sik T\u00fcrk M\u00fczi\u011fi Derne\u011fi\u2019nin Ba\u015fkanl\u0131\u011f\u0131n\u0131 \u00fcstlenerek, derne\u011fi yeniden aktif kale getirmi\u015f ve o \u00e7at\u0131 alt\u0131nda Cinu\u00e7en Tanr\u0131korur ve Erol Sayan gibi de\u011ferli m\u00fczik adamlar\u0131 ile birlikte \u00f6nemli \u00e7al\u0131\u015fmalar yapm\u0131\u015ft\u0131r.<\/p>\n\n\n\n<p>     Fevzi Demirkol\u2019un e\u011fitimci kimli\u011fi m\u00fbs\u0131k\u00ee \u00e7al\u0131\u015fmalar\u0131nda b\u00fct\u00fcn hayat\u0131 boyunca hep \u00f6n pl\u00e2nda olmu\u015f ve devlet g\u00f6revi s\u0131ras\u0131nda gitti\u011fi b\u00fct\u00fcn illerde m\u00fbs\u0131k\u00ee faaliyetlerini izlemi\u015f, y\u00f6nlendirmi\u015f ve yayg\u0131nla\u015fmas\u0131 i\u00e7in de kendi ifadesiyle \u201cmanevi ve k\u00fclt\u00fcrel de\u011feri olan m\u00fbs\u0131k\u00eemizi, bilimsel esaslar ve kurallar d\u00e2hilinde icra edebilmek, \u00f6\u011fretebilmek amac\u0131yla\u201d g\u00f6rev yapt\u0131\u011f\u0131 bakanl\u0131k b\u00fcnyesinde \u00f6nemli \u00e7al\u0131\u015fmalar y\u00fcr\u00fctm\u00fc\u015ft\u00fcr.<\/p>\n\n\n\n<p>     Fevzi Demirkol, b\u00fcy\u00fck bir b\u00f6l\u00fcm\u00fc bug\u00fcn de faaliyetlerini s\u00fcrd\u00fcren 15\u2019e yak\u0131n m\u00fbs\u0131k\u00ee toplulu\u011funun kurulmas\u0131na \u00f6nc\u00fcl\u00fck etmi\u015f ve bu topluluklarda uzun s\u00fcrelerle \u015fef ve hoca olarak g\u00f6rev yapm\u0131\u015f, y\u00fczlerce \u00f6\u011frencinin yeti\u015fmesini sa\u011flam\u0131\u015ft\u0131r.<\/p>\n\n\n\n<p>     \u201cM\u00fbs\u0131k\u00ee vakf\u0131 kurma fikrinin tohumlar\u0131n\u0131n at\u0131ld\u0131\u011f\u0131 ve ye\u015fermeye ba\u015flad\u0131\u011f\u0131 d\u00f6nemim\u201d diye tan\u0131mlad\u0131\u011f\u0131 \u0130smail Baha S\u00fcrelsan\u2019la yapt\u0131\u011f\u0131 \u00e7al\u0131\u015fmalar s\u0131ras\u0131ndaki bu d\u00fc\u015f\u00fcn\u00fc 1998 y\u0131l\u0131nda ger\u00e7ekle\u015ftirmi\u015f ve o y\u0131l maddi ve manevi b\u00fct\u00fcn birikimini aktard\u0131\u011f\u0131 \u201cFevzi Demirkol M\u00fczik, K\u00fclt\u00fcr, Sanat ve E\u011fitim Vakf\u0131\u201d n\u0131 kurmu\u015ftur.<\/p>\n\n\n\n<p>     Vak\u0131f \u00e7al\u0131\u015fmalar\u0131nda g\u00f6sterdi\u011fi ba\u015far\u0131 nedeniyle 5 May\u0131s 2009 tarihinde yap\u0131lan bir t\u00f6renle T\u00fcrkiye B\u00fcy\u00fck Millet Meclisi Ba\u015fkan\u0131 Say\u0131n K\u00f6ksal Toptan taraf\u0131ndan kendisine \u201cVak\u0131f \u00dcst\u00fcn Ba\u015far\u0131 \u00d6d\u00fcl\u00fc\u201d verilmi\u015ftir.<br><\/p>\n<\/div>\n<\/div>\n<\/div>\n<\/div>\n\n\n\n<p><\/p>\n\n\n\n<ul class=\"wp-block-list\">\n<li><strong>\u015eent\u00fcrk DEVEC\u0130<\/strong><\/li>\n<\/ul>\n\n\n\n<p>     Turhal\u2019da do\u011fdu. 1979 y\u0131l\u0131nda Y\u00fcksek Teknik \u00d6\u011fretmen Okulundan mezun oldu. Ankara Yap\u0131 Meslek Lisesinde \u00f6\u011fretmenlik ve m\u00fcd\u00fcr yard\u0131mc\u0131l\u0131\u011f\u0131 yapt\u0131ktan sonra 1986 y\u0131l\u0131nda K\u00fclt\u00fcr ve Turizm Bakanl\u0131\u011f\u0131n\u0131n a\u00e7t\u0131\u011f\u0131 s\u0131nav\u0131 kazanarak Ankara Devlet Kl\u00e2sik T\u00fcrk M\u00fczi\u011fi Korosuna girdi. 1995 y\u0131l\u0131nda Koro \u015eef Yard\u0131mc\u0131s\u0131 oldu. 2009-2014 y\u0131llar\u0131 aras\u0131nda K\u00fclt\u00fcr ve Turizm Bakanl\u0131\u011f\u0131 Ankara Devlet Kl\u00e2sik T\u00fcrk m\u00fczi\u011fi Gen\u00e7lik Korosu \u015eefli\u011fini, 2015-2016 y\u0131llar\u0131nda Ankara Devlet Kl\u00e2sik T\u00fcrk M\u00fczi\u011fi Korosu \u015eefli\u011fini yapt\u0131. Koro \u015eefi olarak yurti\u00e7i ve yurtd\u0131\u015f\u0131nda bir\u00e7ok konser y\u00f6netti.<br><br>     Eserleri bir\u00e7ok beste yar\u0131\u015fmas\u0131nda dereceler alm\u0131\u015ft\u0131r. TRT repertuar\u0131nda \u00e7ok say\u0131da eseri vard\u0131r. Sazk\u00e2r-\u0131 n\u00e2k, \u015eedd-i d\u00fcg\u00e2h, \u015eedd-i nig\u00e2r ve Evc-i nig\u00e2r makamlar\u0131n\u0131 terkip etti, D\u00fcg\u00e2h-\u0131 acem, M\u00e2h\u00fbr-a\u015f\u00eeran makamlar\u0131n\u0131 da yeniden canland\u0131rd\u0131.<br><br>     TRT Repertuar Kurulu \u00fcyeli\u011fi yapt\u0131. 2012 y\u0131l\u0131ndan itibaren de TRT ara\u015ft\u0131rma kurulu \u00fcyeli\u011fine se\u00e7ilmi\u015ftir. Diyanet vakf\u0131nda T\u00fcrk M\u00fczi\u011fi Makamlar\u0131 ve Nazariyat\u0131 dersini, Gazi \u00dcniversitesi G\u00fczel Sanatlar Fak\u00fcltesi M\u00fczik \u00d6\u011fretmenli\u011fi b\u00f6l\u00fcm\u00fcnde \u00f6\u011fretim g\u00f6revlisi olarak 3. ve 4. s\u0131n\u0131flara T\u00fcrk M\u00fczi\u011fi koro dersi ile T\u00fcrk M\u00fbsik\u00eesi Teorisi derslerini vermektedir.<br>K\u00fclt\u00fcr ve Turizm Bakanl\u0131\u011f\u0131 Ankara Devlet Kl\u00e2sik T\u00fcrk M\u00fczi\u011fi Korosundaki g\u00f6revinden 2022\u2019de emekli oldu. Evli ve bir o\u011flu vard\u0131r.<br><\/p>\n\n\n\n<ul class=\"wp-block-list\">\n<li><strong>Ay\u015fe TA\u015e<\/strong><\/li>\n<\/ul>\n\n\n\n<p>     T\u00fcrk Sanat M\u00fczi\u011fi ses sanat\u00e7\u0131s\u0131.<br>     1955 y\u0131l\u0131nda Ordu\u2019nun \u00dcnye il\u00e7esinde do\u011fdu. \u0130lk, orta ve lise tahsilini \u0130stanbul&#8217;da yapt\u0131. Konservatuvara girdi, ancak madd\u00ee imk\u00e2ns\u0131zl\u0131klar nedeniyle bitiremedi.<br><br>     M\u00fbs\u0131k\u00ee \u00e7al\u0131\u015fmalar\u0131nda en b\u00fcy\u00fck deste\u011fi eni\u015ftesi Ayhan Kocag\u00f6z\u2019den g\u00f6rm\u00fc\u015f, Ali Nihat Karamemi\u015fo\u011flu\u2019ndan da dersler ald\u0131.<br><br>     Daha sonra Ankara\u2019ya yerle\u015ferek, m\u00fczik \u00e7al\u0131\u015fmalar\u0131na kendi imk\u00e2nlar\u0131yla devam etti ve bir\u00e7ok \u00fcnl\u00fc sanat\u00e7\u0131 ile ayn\u0131 sahneyi payla\u015ft\u0131.<br><br>     Ziya Ta\u015fkent, Selahattin Alt\u0131nba\u015f ve Saim Konak\u00e7\u0131\u2019y\u0131 tan\u0131mas\u0131 ile kaderi de\u011fi\u015fti. Daha \u00f6nce TRT Ankara Radyosunun \u00f6ndinleme s\u0131nav\u0131n\u0131 ba\u015far\u0131yla ge\u00e7en Ay\u015fe Ta\u015f, 1987 y\u0131l\u0131nda yeti\u015fmi\u015f sanat\u00e7\u0131 s\u0131navlar\u0131n\u0131 kazanarak Ankara Radyosu T\u00fcrk Sanat M\u00fczi\u011fi Ses Sanat\u00e7\u0131s\u0131 unvan\u0131yla kadrolu sanat\u00e7\u0131 oldu.<br><br>     TRT\u2019de, M\u00fczeyyen Senar, Safiye Ayla, Perihan Alt\u0131nda\u011f S\u00f6zeri, Sevim Tan\u00fcrek ve B\u00fclent Ersoy\u2019la yapt\u0131\u011f\u0131 programlar en \u00e7ok etkilendi\u011fi TV yap\u0131mlar\u0131 oldu.<br><br>     Say\u0131s\u0131z radyo ve TV program\u0131nda g\u00f6rev alan Ay\u015fe Ta\u015f; yurti\u00e7i ve yurtd\u0131\u015f\u0131nda bir\u00e7ok programa i\u015ftirak etmi\u015f ve pek\u00e7ok \u00f6d\u00fcle l\u00e2y\u0131k g\u00f6r\u00fclm\u00fc\u015ft\u00fcr. \u00c7ok geni\u015f bir repertuvara sahip olan sanat\u00e7\u0131, ayn\u0131 zamanda t\u00fcrk\u00fc ve uzun havalar\u0131 da ba\u015far\u0131l\u0131 ve cesurca icra etmektedir.<br><br>     TRT\u2019nin en ba\u015far\u0131l\u0131 icrac\u0131lar\u0131ndan olan Ay\u015fe Ta\u015f, 2008 y\u0131l\u0131 A\u011fustos ay\u0131nda Ankara Radyosundan kendi iste\u011fiyle emekli oldu. Uzun y\u0131llard\u0131r Ankara, \u0130stanbul ve Gaziantep illerinde \u00e7al\u0131\u015ft\u0131rd\u0131\u011f\u0131 \u00e7e\u015fitli korolar\u0131n yan\u0131 s\u0131ra D\u00fczce Belediyesinin kurdu\u011fu Ay\u015fe Ta\u015f Sanat Akademisi; faaliyetlerini s\u00fcrd\u00fcrd\u00fc\u011f\u00fc \u00f6nemli bir ba\u015fka sanat ortam\u0131d\u0131r.<br><br>     Ay\u015fe Ta\u015f, 2023 y\u0131l\u0131 Kas\u0131m ay\u0131ndan itibaren <em>Eng\u00fcr\u00fc T\u00fcrk M\u00fczi\u011fi Derne\u011fi Kl\u00e2sik T\u00fcrk M\u00fczi\u011fi Toplulu\u011funun<\/em> hocas\u0131 ve \u015fefi olarak birikimlerini aktarmaya devam etmektedir. <\/p>\n","protected":false},"excerpt":{"rendered":"<p>1999 y\u0131l\u0131n\u0131n ikinci yar\u0131s\u0131nda TRT Ankara Radyosu T\u00fcrk Sanat M\u00fczi\u011fi ses sanat\u00e7\u0131s\u0131 Vedat Kaptan Yurdakul ve arkada\u015flar\u0131 taraf\u0131ndan kurulmu\u015f ve 11 Mart 2000 tarihinde Ankara\u2019da \u201cHac\u0131 Arif Bey \u00d6zel Konseri\u201d ile ilk kez sahne alm\u0131\u015ft\u0131r. Kl\u00e2sik T\u00fcrk M\u00fczi\u011fine g\u00f6n\u00fcl vermek ve onu asl\u0131na uygun icra etme gayreti i\u00e7inde olmak, toplulu\u011fa \u00fcye olmak i\u00e7in ilk ve [&hellip;]<\/p>\n","protected":false},"author":2,"featured_media":0,"parent":68,"menu_order":0,"comment_status":"closed","ping_status":"closed","template":"","meta":{"footnotes":""},"class_list":["post-8","page","type-page","status-publish","hentry"],"_links":{"self":[{"href":"https:\/\/enguru.org.tr\/index.php\/wp-json\/wp\/v2\/pages\/8","targetHints":{"allow":["GET"]}}],"collection":[{"href":"https:\/\/enguru.org.tr\/index.php\/wp-json\/wp\/v2\/pages"}],"about":[{"href":"https:\/\/enguru.org.tr\/index.php\/wp-json\/wp\/v2\/types\/page"}],"author":[{"embeddable":true,"href":"https:\/\/enguru.org.tr\/index.php\/wp-json\/wp\/v2\/users\/2"}],"replies":[{"embeddable":true,"href":"https:\/\/enguru.org.tr\/index.php\/wp-json\/wp\/v2\/comments?post=8"}],"version-history":[{"count":3,"href":"https:\/\/enguru.org.tr\/index.php\/wp-json\/wp\/v2\/pages\/8\/revisions"}],"predecessor-version":[{"id":1411,"href":"https:\/\/enguru.org.tr\/index.php\/wp-json\/wp\/v2\/pages\/8\/revisions\/1411"}],"up":[{"embeddable":true,"href":"https:\/\/enguru.org.tr\/index.php\/wp-json\/wp\/v2\/pages\/68"}],"wp:attachment":[{"href":"https:\/\/enguru.org.tr\/index.php\/wp-json\/wp\/v2\/media?parent=8"}],"curies":[{"name":"wp","href":"https:\/\/api.w.org\/{rel}","templated":true}]}}