{"id":89,"date":"2016-09-21T21:19:57","date_gmt":"2016-09-21T18:19:57","guid":{"rendered":"http:\/\/localhost\/enguru\/?page_id=89"},"modified":"2016-09-21T21:19:57","modified_gmt":"2016-09-21T18:19:57","slug":"iletisim","status":"publish","type":"page","link":"https:\/\/enguru.org.tr\/index.php\/iletisim\/","title":{"rendered":"\u0130leti\u015fim"},"content":{"rendered":"<p>Eng\u00fcr\u00fc T\u00fcrk M\u00fczi\u011fi Derne\u011fi<\/p>\n<p><strong>Tel:<\/strong>\u00a00 850 303 4482 (\u00fccretsiz)<\/p>\n<p><strong>Faks:<\/strong> 0 312 440 65 81<\/p>\n<p>&nbsp;<\/p>\n<p>&nbsp;<\/p>\n","protected":false},"excerpt":{"rendered":"<p>Eng\u00fcr\u00fc T\u00fcrk M\u00fczi\u011fi Derne\u011fi Tel:\u00a00 850 303 4482 (\u00fccretsiz) Faks: 0 312 440 65 81 &nbsp; &nbsp;<\/p>\n","protected":false},"author":2,"featured_media":0,"parent":0,"menu_order":0,"comment_status":"closed","ping_status":"closed","template":"","meta":{"footnotes":""},"class_list":["post-89","page","type-page","status-publish","hentry"],"_links":{"self":[{"href":"https:\/\/enguru.org.tr\/index.php\/wp-json\/wp\/v2\/pages\/89","targetHints":{"allow":["GET"]}}],"collection":[{"href":"https:\/\/enguru.org.tr\/index.php\/wp-json\/wp\/v2\/pages"}],"about":[{"href":"https:\/\/enguru.org.tr\/index.php\/wp-json\/wp\/v2\/types\/page"}],"author":[{"embeddable":true,"href":"https:\/\/enguru.org.tr\/index.php\/wp-json\/wp\/v2\/users\/2"}],"replies":[{"embeddable":true,"href":"https:\/\/enguru.org.tr\/index.php\/wp-json\/wp\/v2\/comments?post=89"}],"version-history":[{"count":0,"href":"https:\/\/enguru.org.tr\/index.php\/wp-json\/wp\/v2\/pages\/89\/revisions"}],"wp:attachment":[{"href":"https:\/\/enguru.org.tr\/index.php\/wp-json\/wp\/v2\/media?parent=89"}],"curies":[{"name":"wp","href":"https:\/\/api.w.org\/{rel}","templated":true}]}}